{"id":27122,"date":"2023-11-28T09:13:37","date_gmt":"2023-11-28T08:13:37","guid":{"rendered":"https:\/\/www.tekima.com\/elektronik-und-elektromechanik\/"},"modified":"2023-11-28T09:13:38","modified_gmt":"2023-11-28T08:13:38","slug":"elektronik-und-elektromechanik","status":"publish","type":"page","link":"https:\/\/www.tekima.com\/de\/bereich\/elektronik-und-elektromechanik\/","title":{"rendered":"Elektronik und Elektromechanik"},"content":{"rendered":"\t\t<div data-elementor-type=\"wp-page\" data-elementor-id=\"27122\" class=\"elementor elementor-27122 elementor-26709\" data-elementor-settings=\"[]\">\n\t\t\t\t\t\t<div class=\"elementor-inner\">\n\t\t\t\t\t\t\t<div class=\"elementor-section-wrap\">\n\t\t\t\t\t\t\t<section class=\"elementor-section elementor-top-section elementor-element elementor-element-cc2b546 elementor-section-boxed elementor-section-height-default elementor-section-height-default default-style\" data-id=\"cc2b546\" data-element_type=\"section\" data-settings=\"{&quot;rt_color_sets&quot;:&quot;default-style&quot;}\">\n\t\t\t\t\t\t<div class=\"elementor-container elementor-column-gap-default\">\n\t\t\t\t\t\t\t<div class=\"elementor-row\">\n\t\t\t\t\t<div class=\"elementor-column elementor-col-50 elementor-top-column elementor-element elementor-element-ebffb89\" data-id=\"ebffb89\" data-element_type=\"column\">\n\t\t\t<div class=\"elementor-column-wrap elementor-element-populated\">\n\t\t\t\t\t\t\t<div class=\"elementor-widget-wrap\">\n\t\t\t\t\t\t<section class=\"elementor-section elementor-inner-section elementor-element elementor-element-20773ef rt-el-parallax-background elementor-section-boxed elementor-section-height-default elementor-section-height-default default-style\" data-id=\"20773ef\" data-element_type=\"section\" data-settings=\"{&quot;background_background&quot;:&quot;video&quot;,&quot;background_video_link&quot;:&quot;https:\\\/\\\/www.youtube.com\\\/watch?v=scs2_uT5ons&quot;,&quot;background_play_on_mobile&quot;:&quot;yes&quot;,&quot;rt_parallax&quot;:&quot;rt-el-parallax-background&quot;,&quot;rt_bg_parallax_speed&quot;:&quot;2&quot;,&quot;rt_color_sets&quot;:&quot;default-style&quot;,&quot;rt_bg_parallax_effect&quot;:&quot;3&quot;}\">\n\t\t\t\t\t\t\t\t<div class=\"elementor-background-video-container\">\n\t\t\t\t\t\t\t\t\t\t\t\t\t<div class=\"elementor-background-video-embed\"><\/div>\n\t\t\t\t\t\t\t\t\t\t\t\t<\/div>\n\t\t\t\t\t\t\t\t\t<div class=\"elementor-background-overlay\"><\/div>\n\t\t\t\t\t\t\t<div class=\"elementor-container elementor-column-gap-default\">\n\t\t\t\t\t\t\t<div class=\"elementor-row\">\n\t\t\t\t\t<div class=\"elementor-column elementor-col-100 elementor-inner-column elementor-element elementor-element-83befb3\" data-id=\"83befb3\" data-element_type=\"column\">\n\t\t\t<div class=\"elementor-column-wrap elementor-element-populated\">\n\t\t\t\t\t\t\t<div class=\"elementor-widget-wrap\">\n\t\t\t\t\t\t<div class=\"elementor-element elementor-element-1905006 elementor-widget elementor-widget-rt-heading\" data-id=\"1905006\" data-element_type=\"widget\" data-widget_type=\"rt-heading.default\">\n\t\t\t\t<div class=\"elementor-widget-container\">\n\t\t\t<div class=\"rt-heading-wrapper style-2\">\n\t\t\t\t\t\t<H1 class=\"rt-heading style-2\" >Elektronik und Elektromechanik<\/H1>\n\t\t\t\t\t<\/div>\t\t<\/div>\n\t\t\t\t<\/div>\n\t\t\t\t<div class=\"elementor-element elementor-element-4808ea3 elementor-widget elementor-widget-text-editor\" data-id=\"4808ea3\" data-element_type=\"widget\" data-widget_type=\"text-editor.default\">\n\t\t\t\t<div class=\"elementor-widget-container\">\n\t\t\t\t\t\t\t\t<div class=\"elementor-text-editor elementor-clearfix\">\n\t\t\t\t<p>Der Sektor Elektronik und Elektromechanik umfasst den Entwurf, die Entwicklung, die Produktion und die Wartung elektrischer und mechanischer Systeme wie Motoren, Generatoren, Transformatoren, Energieverteilungssysteme und Kontrollsysteme.<\/p>\n\t\t\t\t\t<\/div>\n\t\t\t\t\t\t<\/div>\n\t\t\t\t<\/div>\n\t\t\t\t\t\t<\/div>\n\t\t\t\t\t<\/div>\n\t\t<\/div>\n\t\t\t\t\t\t\t\t<\/div>\n\t\t\t\t\t<\/div>\n\t\t<\/section>\n\t\t\t\t<div class=\"elementor-element elementor-element-9598220 elementor-widget elementor-widget-spacer\" data-id=\"9598220\" data-element_type=\"widget\" data-widget_type=\"spacer.default\">\n\t\t\t\t<div class=\"elementor-widget-container\">\n\t\t\t\t\t<div class=\"elementor-spacer\">\n\t\t\t<div class=\"elementor-spacer-inner\"><\/div>\n\t\t<\/div>\n\t\t\t\t<\/div>\n\t\t\t\t<\/div>\n\t\t\t\t<div class=\"elementor-element elementor-element-e995c40 elementor-widget elementor-widget-text-editor\" data-id=\"e995c40\" data-element_type=\"widget\" data-widget_type=\"text-editor.default\">\n\t\t\t\t<div class=\"elementor-widget-container\">\n\t\t\t\t\t\t\t\t<div class=\"elementor-text-editor elementor-clearfix\">\n\t\t\t\t<p>Dieser Industriezweig zeichnet sich durch hohe Pr\u00e4zision, Zuverl\u00e4ssigkeit und Effizienz aus und spielt eine Schl\u00fcsselrolle in anderen Sektoren wie Fertigung, Energie und Logistik. Die elektromechanische Industrie entwickelt sich st\u00e4ndig weiter, angetrieben durch neue Technologien und Innovationen wie Automatisierung, k\u00fcnstliche Intelligenz und das Internet of Things.<\/p>\n\t\t\t\t\t<\/div>\n\t\t\t\t\t\t<\/div>\n\t\t\t\t<\/div>\n\t\t\t\t<section class=\"elementor-section elementor-inner-section elementor-element elementor-element-755c359 elementor-section-full_width elementor-section-height-default elementor-section-height-default default-style\" data-id=\"755c359\" data-element_type=\"section\" data-settings=\"{&quot;rt_color_sets&quot;:&quot;default-style&quot;}\">\n\t\t\t\t\t\t<div class=\"elementor-container elementor-column-gap-default\">\n\t\t\t\t\t\t\t<div class=\"elementor-row\">\n\t\t\t\t\t<div class=\"elementor-column elementor-col-100 elementor-inner-column elementor-element elementor-element-f4c7109\" data-id=\"f4c7109\" data-element_type=\"column\">\n\t\t\t<div class=\"elementor-column-wrap elementor-element-populated\">\n\t\t\t\t\t\t\t<div class=\"elementor-widget-wrap\">\n\t\t\t\t\t\t<div class=\"elementor-element elementor-element-a5bf5e5 elementor-widget elementor-widget-image\" data-id=\"a5bf5e5\" data-element_type=\"widget\" data-widget_type=\"image.default\">\n\t\t\t\t<div class=\"elementor-widget-container\">\n\t\t\t\t\t\t\t\t<div class=\"elementor-image\">\n\t\t\t\t\t\t\t\t\t\t\t\t<img loading=\"lazy\" decoding=\"async\" width=\"1024\" height=\"683\" src=\"https:\/\/www.tekima.com\/wp-content\/uploads\/2023\/11\/Eletronica-e-elettromeccanica.webp\" class=\"attachment-large size-large\" alt=\"\" srcset=\"https:\/\/www.tekima.com\/wp-content\/uploads\/2023\/11\/Eletronica-e-elettromeccanica.webp 1024w, https:\/\/www.tekima.com\/wp-content\/uploads\/2023\/11\/Eletronica-e-elettromeccanica-300x200.webp 300w, https:\/\/www.tekima.com\/wp-content\/uploads\/2023\/11\/Eletronica-e-elettromeccanica-768x512.webp 768w, https:\/\/www.tekima.com\/wp-content\/uploads\/2023\/11\/Eletronica-e-elettromeccanica-512x341.webp 512w\" sizes=\"(max-width: 1024px) 100vw, 1024px\" \/>\t\t\t\t\t\t\t\t\t\t\t\t\t\t<\/div>\n\t\t\t\t\t\t<\/div>\n\t\t\t\t<\/div>\n\t\t\t\t<div class=\"elementor-element elementor-element-baee6ad elementor-widget elementor-widget-text-editor\" data-id=\"baee6ad\" data-element_type=\"widget\" data-widget_type=\"text-editor.default\">\n\t\t\t\t<div class=\"elementor-widget-container\">\n\t\t\t\t\t\t\t\t<div class=\"elementor-text-editor elementor-clearfix\">\n\t\t\t\t\t\t\t\t\t<\/div>\n\t\t\t\t\t\t<\/div>\n\t\t\t\t<\/div>\n\t\t\t\t\t\t<\/div>\n\t\t\t\t\t<\/div>\n\t\t<\/div>\n\t\t\t\t\t\t\t\t<\/div>\n\t\t\t\t\t<\/div>\n\t\t<\/section>\n\t\t\t\t<div class=\"elementor-element elementor-element-9098ac3 elementor-widget elementor-widget-text-editor\" data-id=\"9098ac3\" data-element_type=\"widget\" data-widget_type=\"text-editor.default\">\n\t\t\t\t<div class=\"elementor-widget-container\">\n\t\t\t\t\t\t\t\t<div class=\"elementor-text-editor elementor-clearfix\">\n\t\t\t\t<p>Die in diesem Bereich verwendeten Tekima-Kabel sind so konzipiert, dass sie elektromagnetische Interferenzen reduzieren und eine zuverl\u00e4ssige Signal\u00fcbertragung gew\u00e4hrleisten. Sie sind langlebig, widerstandsf\u00e4hig gegen mechanische Belastungen und resistent gegen \u00f6lige, fettige und abrasive Chemikalien, die im Produktionsprozess verwendet werden. Sie halten auch hohen Temperaturen stand, die beim Betrieb der Anlagen entstehen.<\/p>\n\t\t\t\t\t<\/div>\n\t\t\t\t\t\t<\/div>\n\t\t\t\t<\/div>\n\t\t\t\t<div class=\"elementor-element elementor-element-44299db elementor-widget elementor-widget-rt-heading\" data-id=\"44299db\" data-element_type=\"widget\" data-widget_type=\"rt-heading.default\">\n\t\t\t\t<div class=\"elementor-widget-container\">\n\t\t\t<div class=\"rt-heading-wrapper\">\n\t\t\t\t\t\t<H5 class=\"rt-heading\" >Ben\u00f6tigen Sie weitere Informationen?<\/H5>\n\t\t\t\t\t<\/div>\t\t<\/div>\n\t\t\t\t<\/div>\n\t\t\t\t<div class=\"elementor-element elementor-element-6645cc9 elementor-widget elementor-widget-text-editor\" data-id=\"6645cc9\" data-element_type=\"widget\" data-widget_type=\"text-editor.default\">\n\t\t\t\t<div class=\"elementor-widget-container\">\n\t\t\t\t\t\t\t\t<div class=\"elementor-text-editor elementor-clearfix\">\n\t\t\t\t<p>Siehe die Abschnitte &#8218;<a href=\"https:\/\/www.tekima.com\/de\/kabel-fur-industrielle-anwendungen\/\">Industriekabel<\/a>&#8218;, &#8218;<a href=\"https:\/\/www.tekima.com\/de\/vor-ort-zu-installierende-system-und-komponenten\/\">Maschinenkomponenten<\/a>&#8218; und &#8218;<a href=\"https:\/\/www.tekima.com\/de\/verkabelung-und-verkabelungssysteme\/\">Verdrahtungsprodukte<\/a>&#8218; auf der Website<\/p>\n<p>Suchen Sie ein hybrides oder individualisiertes Kabel? <a href=\"https:\/\/www.tekima.com\/de\/kabel-fur-industrielle-anwendungen\/hybrid-multipolare-kabel\/\">Kontaktieren Sie uns<\/a>.<\/p>\n\t\t\t\t\t<\/div>\n\t\t\t\t\t\t<\/div>\n\t\t\t\t<\/div>\n\t\t\t\t<div class=\"elementor-element elementor-element-f486ce0 elementor-align-left elementor-widget elementor-widget-button\" data-id=\"f486ce0\" data-element_type=\"widget\" data-widget_type=\"button.default\">\n\t\t\t\t<div class=\"elementor-widget-container\">\n\t\t\t\t\t<div class=\"elementor-button-wrapper\">\n\t\t\t<a href=\"https:\/\/www.tekima.com\/de\/kabel-fur-industrielle-anwendungen\/\" class=\"elementor-button-link elementor-button elementor-size-xs\" role=\"button\">\n\t\t\t\t\t\t<span class=\"elementor-button-content-wrapper\">\n\t\t\t\t\t\t<span class=\"elementor-button-text\">Entdecken Sie alle unsere Produkte.<\/span>\n\t\t<\/span>\n\t\t\t\t\t<\/a>\n\t\t<\/div>\n\t\t\t\t<\/div>\n\t\t\t\t<\/div>\n\t\t\t\t<div class=\"elementor-element elementor-element-f0a863d elementor-widget elementor-widget-spacer\" data-id=\"f0a863d\" data-element_type=\"widget\" data-widget_type=\"spacer.default\">\n\t\t\t\t<div class=\"elementor-widget-container\">\n\t\t\t\t\t<div class=\"elementor-spacer\">\n\t\t\t<div class=\"elementor-spacer-inner\"><\/div>\n\t\t<\/div>\n\t\t\t\t<\/div>\n\t\t\t\t<\/div>\n\t\t\t\t\t\t<\/div>\n\t\t\t\t\t<\/div>\n\t\t<\/div>\n\t\t\t\t<div class=\"elementor-column elementor-col-50 elementor-top-column elementor-element elementor-element-654a808\" data-id=\"654a808\" data-element_type=\"column\">\n\t\t\t<div class=\"elementor-column-wrap elementor-element-populated\">\n\t\t\t\t\t\t\t<div class=\"elementor-widget-wrap\">\n\t\t\t\t\t\t<div class=\"elementor-element elementor-element-37134a6 elementor-widget elementor-widget-sidebar\" data-id=\"37134a6\" data-element_type=\"widget\" data-widget_type=\"sidebar.default\">\n\t\t\t\t<div class=\"elementor-widget-container\">\n\t\t\t<div id=\"search-10\" class=\"sidebar-widget widget widget_search\"><h5>Suche<\/h5><form method=\"get\" action=\"https:\/\/www.tekima.com\/de\/\/\"  class=\"wp-search-form rt_form\">\n\t<ul>\n\t\t<li><input type=\"text\" class='search showtextback' placeholder=\"search\" name=\"s\" \/><span class=\"search-icon ui-icon-search-1\"><\/span><\/li>\n\t<\/ul>\n\t<input type=\"hidden\" name=\"lang\" value=\"de\"\/><\/form><\/div><div id=\"nav_menu-17\" class=\"sidebar-widget widget widget_nav_menu\"><h5>Industrien<\/h5><div class=\"menu-settori_sidebar-container\"><ul id=\"menu-settori_sidebar\" class=\"menu\"><li id=\"menu-item-26891\" class=\"menu-item menu-item-type-post_type menu-item-object-page menu-item-26891\"><a href=\"https:\/\/www.tekima.com\/settori\/aerospaziale\/\">Luft- und Raumfahrt<\/a><\/li>\n<li id=\"menu-item-26890\" class=\"menu-item menu-item-type-post_type menu-item-object-page menu-item-26890\"><a href=\"https:\/\/www.tekima.com\/settori\/automobilistico\/\">Automobilindustrie<\/a><\/li>\n<li id=\"menu-item-26889\" class=\"menu-item menu-item-type-post_type menu-item-object-page menu-item-26889\"><a href=\"https:\/\/www.tekima.com\/settori\/edilizia\/\">Bauwesen<\/a><\/li>\n<li id=\"menu-item-26888\" class=\"menu-item menu-item-type-post_type menu-item-object-page menu-item-26888\"><a href=\"https:\/\/www.tekima.com\/settori\/elettronica-e-elettromeccanica\/\">Elektronik und Elektromechanik<\/a><\/li>\n<li id=\"menu-item-26887\" class=\"menu-item menu-item-type-post_type menu-item-object-page menu-item-26887\"><a href=\"https:\/\/www.tekima.com\/settori\/alimentare\/\">Lebensmittelindustrie<\/a><\/li>\n<li id=\"menu-item-26886\" class=\"menu-item menu-item-type-post_type menu-item-object-page menu-item-26886\"><a href=\"https:\/\/www.tekima.com\/settori\/sanitaria-e-farmaceutica\/\">Gesundheitswesen und Pharmazie<\/a><\/li>\n<li id=\"menu-item-26885\" class=\"menu-item menu-item-type-post_type menu-item-object-page menu-item-26885\"><a href=\"https:\/\/www.tekima.com\/settori\/hvac\/\">HVAC<\/a><\/li>\n<li id=\"menu-item-26884\" class=\"menu-item menu-item-type-post_type menu-item-object-page menu-item-26884\"><a href=\"https:\/\/www.tekima.com\/settori\/siderurgia\/\">Eisen und Aluminium<\/a><\/li>\n<li id=\"menu-item-26883\" class=\"menu-item menu-item-type-post_type menu-item-object-page menu-item-26883\"><a href=\"https:\/\/www.tekima.com\/settori\/navale\/\">Marine und Offshore<\/a><\/li>\n<li id=\"menu-item-26882\" class=\"menu-item menu-item-type-post_type menu-item-object-page menu-item-26882\"><a href=\"https:\/\/www.tekima.com\/settori\/petrolifero\/\">Erd\u00f6lindustrie<\/a><\/li>\n<li id=\"menu-item-26880\" class=\"menu-item menu-item-type-post_type menu-item-object-page menu-item-26880\"><a href=\"https:\/\/www.tekima.com\/settori\/stampa\/\">Druckmaschinen<\/a><\/li>\n<li id=\"menu-item-26881\" class=\"menu-item menu-item-type-post_type menu-item-object-page menu-item-26881\"><a href=\"https:\/\/www.tekima.com\/settori\/confezionamento\/\">Verpackungsindustrie<\/a><\/li>\n<li id=\"menu-item-26879\" class=\"menu-item menu-item-type-post_type menu-item-object-page menu-item-26879\"><a href=\"https:\/\/www.tekima.com\/settori\/ferroviario\/\">Eisenbahn<\/a><\/li>\n<li id=\"menu-item-26878\" class=\"menu-item menu-item-type-post_type menu-item-object-page menu-item-26878\"><a href=\"https:\/\/www.tekima.com\/settori\/energie-rinnovabili\/\">Erneuerbare Energien<\/a><\/li>\n<li id=\"menu-item-26877\" class=\"menu-item menu-item-type-post_type menu-item-object-page menu-item-26877\"><a href=\"https:\/\/www.tekima.com\/settori\/robotica\/\">Robotik<\/a><\/li>\n<\/ul><\/div><\/div>\t\t<\/div>\n\t\t\t\t<\/div>\n\t\t\t\t<div class=\"elementor-element elementor-element-be8044e elementor-widget elementor-widget-text-editor\" data-id=\"be8044e\" data-element_type=\"widget\" data-widget_type=\"text-editor.default\">\n\t\t\t\t<div class=\"elementor-widget-container\">\n\t\t\t\t\t\t\t\t<div class=\"elementor-text-editor elementor-clearfix\">\n\t\t\t\t\t\t\t\t\t<\/div>\n\t\t\t\t\t\t<\/div>\n\t\t\t\t<\/div>\n\t\t\t\t<div class=\"elementor-element elementor-element-673487e elementor-widget elementor-widget-spacer\" data-id=\"673487e\" data-element_type=\"widget\" data-widget_type=\"spacer.default\">\n\t\t\t\t<div class=\"elementor-widget-container\">\n\t\t\t\t\t<div class=\"elementor-spacer\">\n\t\t\t<div class=\"elementor-spacer-inner\"><\/div>\n\t\t<\/div>\n\t\t\t\t<\/div>\n\t\t\t\t<\/div>\n\t\t\t\t\t\t<\/div>\n\t\t\t\t\t<\/div>\n\t\t<\/div>\n\t\t\t\t\t\t\t\t<\/div>\n\t\t\t\t\t<\/div>\n\t\t<\/section>\n\t\t\t\t\t\t<\/div>\n\t\t\t\t\t\t<\/div>\n\t\t\t\t\t<\/div>\n\t\t","protected":false},"excerpt":{"rendered":"<p>Elektronik und Elektromechanik Der Sektor Elektronik und Elektromechanik umfasst den Entwurf, die Entwicklung, die Produktion und die Wartung elektrischer und mechanischer Systeme wie Motoren, Generatoren, Transformatoren, Energieverteilungssysteme und Kontrollsysteme. Dieser Industriezweig zeichnet sich durch hohe Pr\u00e4zision, Zuverl\u00e4ssigkeit und Effizienz aus und spielt eine Schl\u00fcsselrolle in anderen Sektoren wie Fertigung, Energie und Logistik. Die elektromechanische Industrie [&hellip;]<\/p>\n","protected":false},"author":2,"featured_media":0,"parent":27146,"menu_order":0,"comment_status":"closed","ping_status":"closed","template":"","meta":{"kia_subtitle":"","footnotes":""},"class_list":["post-27122","page","type-page","status-publish","hentry"],"yoast_head":"<!-- This site is optimized with the Yoast SEO plugin v21.7 - https:\/\/yoast.com\/wordpress\/plugins\/seo\/ -->\n<title>Elektronik und Elektromechanik - Tekima<\/title>\n<meta name=\"robots\" content=\"index, follow, max-snippet:-1, max-image-preview:large, max-video-preview:-1\" \/>\n<link rel=\"canonical\" href=\"https:\/\/www.tekima.com\/settori\/elettronica-e-elettromeccanica\/\" \/>\n<meta property=\"og:locale\" content=\"de_DE\" \/>\n<meta property=\"og:type\" content=\"article\" \/>\n<meta property=\"og:title\" content=\"Elektronik und Elektromechanik - Tekima\" \/>\n<meta property=\"og:description\" content=\"Elektronik und Elektromechanik Der Sektor Elektronik und Elektromechanik umfasst den Entwurf, die Entwicklung, die Produktion und die Wartung elektrischer und mechanischer Systeme wie Motoren, Generatoren, Transformatoren, Energieverteilungssysteme und Kontrollsysteme. Dieser Industriezweig zeichnet sich durch hohe Pr\u00e4zision, Zuverl\u00e4ssigkeit und Effizienz aus und spielt eine Schl\u00fcsselrolle in anderen Sektoren wie Fertigung, Energie und Logistik. Die elektromechanische Industrie [&hellip;]\" \/>\n<meta property=\"og:url\" content=\"https:\/\/www.tekima.com\/settori\/elettronica-e-elettromeccanica\/\" \/>\n<meta property=\"og:site_name\" content=\"Tekima\" \/>\n<meta property=\"article:publisher\" content=\"https:\/\/www.facebook.com\/tekima.it\" \/>\n<meta property=\"article:modified_time\" content=\"2023-11-28T08:13:38+00:00\" \/>\n<meta property=\"og:image\" content=\"https:\/\/www.tekima.com\/wp-content\/uploads\/2023\/11\/Eletronica-e-elettromeccanica.webp\" \/>\n<meta name=\"twitter:card\" content=\"summary_large_image\" \/>\n<meta name=\"twitter:label1\" content=\"Gesch\u00e4tzte Lesezeit\" \/>\n\t<meta name=\"twitter:data1\" content=\"1\u00a0Minute\" \/>\n<script type=\"application\/ld+json\" class=\"yoast-schema-graph\">{\"@context\":\"https:\/\/schema.org\",\"@graph\":[{\"@type\":\"WebPage\",\"@id\":\"https:\/\/www.tekima.com\/settori\/elettronica-e-elettromeccanica\/\",\"url\":\"https:\/\/www.tekima.com\/settori\/elettronica-e-elettromeccanica\/\",\"name\":\"Elektronik und Elektromechanik - Tekima\",\"isPartOf\":{\"@id\":\"https:\/\/www.tekima.com\/#website\"},\"datePublished\":\"2023-11-28T08:13:37+00:00\",\"dateModified\":\"2023-11-28T08:13:38+00:00\",\"breadcrumb\":{\"@id\":\"https:\/\/www.tekima.com\/settori\/elettronica-e-elettromeccanica\/#breadcrumb\"},\"inLanguage\":\"de\",\"potentialAction\":[{\"@type\":\"ReadAction\",\"target\":[\"https:\/\/www.tekima.com\/settori\/elettronica-e-elettromeccanica\/\"]}]},{\"@type\":\"BreadcrumbList\",\"@id\":\"https:\/\/www.tekima.com\/settori\/elettronica-e-elettromeccanica\/#breadcrumb\",\"itemListElement\":[{\"@type\":\"ListItem\",\"position\":1,\"name\":\"Home\",\"item\":\"https:\/\/www.tekima.com\/\"},{\"@type\":\"ListItem\",\"position\":2,\"name\":\"Elektronik und Elektromechanik\"}]},{\"@type\":\"WebSite\",\"@id\":\"https:\/\/www.tekima.com\/#website\",\"url\":\"https:\/\/www.tekima.com\/\",\"name\":\"Tekima\",\"description\":\"\",\"publisher\":{\"@id\":\"https:\/\/www.tekima.com\/#organization\"},\"potentialAction\":[{\"@type\":\"SearchAction\",\"target\":{\"@type\":\"EntryPoint\",\"urlTemplate\":\"https:\/\/www.tekima.com\/?s={search_term_string}\"},\"query-input\":\"required name=search_term_string\"}],\"inLanguage\":\"de\"},{\"@type\":\"Organization\",\"@id\":\"https:\/\/www.tekima.com\/#organization\",\"name\":\"Tekima\",\"url\":\"https:\/\/www.tekima.com\/\",\"logo\":{\"@type\":\"ImageObject\",\"inLanguage\":\"de\",\"@id\":\"https:\/\/www.tekima.com\/#\/schema\/logo\/image\/\",\"url\":\"https:\/\/www.tekima.com\/wp-content\/uploads\/2019\/05\/logo400.png\",\"contentUrl\":\"https:\/\/www.tekima.com\/wp-content\/uploads\/2019\/05\/logo400.png\",\"width\":450,\"height\":94,\"caption\":\"Tekima\"},\"image\":{\"@id\":\"https:\/\/www.tekima.com\/#\/schema\/logo\/image\/\"},\"sameAs\":[\"https:\/\/www.facebook.com\/tekima.it\",\"https:\/\/www.linkedin.com\/company\/tekima\/\",\"https:\/\/www.youtube.com\/channel\/UC_coJiEqsdOHUGSsrNKRBZQ\"]}]}<\/script>\n<!-- \/ Yoast SEO plugin. -->","yoast_head_json":{"title":"Elektronik und Elektromechanik - Tekima","robots":{"index":"index","follow":"follow","max-snippet":"max-snippet:-1","max-image-preview":"max-image-preview:large","max-video-preview":"max-video-preview:-1"},"canonical":"https:\/\/www.tekima.com\/settori\/elettronica-e-elettromeccanica\/","og_locale":"de_DE","og_type":"article","og_title":"Elektronik und Elektromechanik - Tekima","og_description":"Elektronik und Elektromechanik Der Sektor Elektronik und Elektromechanik umfasst den Entwurf, die Entwicklung, die Produktion und die Wartung elektrischer und mechanischer Systeme wie Motoren, Generatoren, Transformatoren, Energieverteilungssysteme und Kontrollsysteme. Dieser Industriezweig zeichnet sich durch hohe Pr\u00e4zision, Zuverl\u00e4ssigkeit und Effizienz aus und spielt eine Schl\u00fcsselrolle in anderen Sektoren wie Fertigung, Energie und Logistik. Die elektromechanische Industrie [&hellip;]","og_url":"https:\/\/www.tekima.com\/settori\/elettronica-e-elettromeccanica\/","og_site_name":"Tekima","article_publisher":"https:\/\/www.facebook.com\/tekima.it","article_modified_time":"2023-11-28T08:13:38+00:00","og_image":[{"url":"https:\/\/www.tekima.com\/wp-content\/uploads\/2023\/11\/Eletronica-e-elettromeccanica.webp"}],"twitter_card":"summary_large_image","twitter_misc":{"Gesch\u00e4tzte Lesezeit":"1\u00a0Minute"},"schema":{"@context":"https:\/\/schema.org","@graph":[{"@type":"WebPage","@id":"https:\/\/www.tekima.com\/settori\/elettronica-e-elettromeccanica\/","url":"https:\/\/www.tekima.com\/settori\/elettronica-e-elettromeccanica\/","name":"Elektronik und Elektromechanik - Tekima","isPartOf":{"@id":"https:\/\/www.tekima.com\/#website"},"datePublished":"2023-11-28T08:13:37+00:00","dateModified":"2023-11-28T08:13:38+00:00","breadcrumb":{"@id":"https:\/\/www.tekima.com\/settori\/elettronica-e-elettromeccanica\/#breadcrumb"},"inLanguage":"de","potentialAction":[{"@type":"ReadAction","target":["https:\/\/www.tekima.com\/settori\/elettronica-e-elettromeccanica\/"]}]},{"@type":"BreadcrumbList","@id":"https:\/\/www.tekima.com\/settori\/elettronica-e-elettromeccanica\/#breadcrumb","itemListElement":[{"@type":"ListItem","position":1,"name":"Home","item":"https:\/\/www.tekima.com\/"},{"@type":"ListItem","position":2,"name":"Elektronik und Elektromechanik"}]},{"@type":"WebSite","@id":"https:\/\/www.tekima.com\/#website","url":"https:\/\/www.tekima.com\/","name":"Tekima","description":"","publisher":{"@id":"https:\/\/www.tekima.com\/#organization"},"potentialAction":[{"@type":"SearchAction","target":{"@type":"EntryPoint","urlTemplate":"https:\/\/www.tekima.com\/?s={search_term_string}"},"query-input":"required name=search_term_string"}],"inLanguage":"de"},{"@type":"Organization","@id":"https:\/\/www.tekima.com\/#organization","name":"Tekima","url":"https:\/\/www.tekima.com\/","logo":{"@type":"ImageObject","inLanguage":"de","@id":"https:\/\/www.tekima.com\/#\/schema\/logo\/image\/","url":"https:\/\/www.tekima.com\/wp-content\/uploads\/2019\/05\/logo400.png","contentUrl":"https:\/\/www.tekima.com\/wp-content\/uploads\/2019\/05\/logo400.png","width":450,"height":94,"caption":"Tekima"},"image":{"@id":"https:\/\/www.tekima.com\/#\/schema\/logo\/image\/"},"sameAs":["https:\/\/www.facebook.com\/tekima.it","https:\/\/www.linkedin.com\/company\/tekima\/","https:\/\/www.youtube.com\/channel\/UC_coJiEqsdOHUGSsrNKRBZQ"]}]}},"_links":{"self":[{"href":"https:\/\/www.tekima.com\/de\/wp-json\/wp\/v2\/pages\/27122"}],"collection":[{"href":"https:\/\/www.tekima.com\/de\/wp-json\/wp\/v2\/pages"}],"about":[{"href":"https:\/\/www.tekima.com\/de\/wp-json\/wp\/v2\/types\/page"}],"author":[{"embeddable":true,"href":"https:\/\/www.tekima.com\/de\/wp-json\/wp\/v2\/users\/2"}],"replies":[{"embeddable":true,"href":"https:\/\/www.tekima.com\/de\/wp-json\/wp\/v2\/comments?post=27122"}],"version-history":[{"count":1,"href":"https:\/\/www.tekima.com\/de\/wp-json\/wp\/v2\/pages\/27122\/revisions"}],"predecessor-version":[{"id":27123,"href":"https:\/\/www.tekima.com\/de\/wp-json\/wp\/v2\/pages\/27122\/revisions\/27123"}],"up":[{"embeddable":true,"href":"https:\/\/www.tekima.com\/de\/wp-json\/wp\/v2\/pages\/27146"}],"wp:attachment":[{"href":"https:\/\/www.tekima.com\/de\/wp-json\/wp\/v2\/media?parent=27122"}],"curies":[{"name":"wp","href":"https:\/\/api.w.org\/{rel}","templated":true}]}}