{"id":7351,"date":"2019-05-09T12:36:54","date_gmt":"2019-05-09T12:36:54","guid":{"rendered":"https:\/\/www.tekima.com\/wer-wir-sind\/"},"modified":"2023-03-15T09:25:14","modified_gmt":"2023-03-15T08:25:14","slug":"wer-wir-sind","status":"publish","type":"page","link":"https:\/\/www.tekima.com\/de\/wer-wir-sind\/","title":{"rendered":"Wer wir sind"},"content":{"rendered":"\t\t<div data-elementor-type=\"wp-post\" data-elementor-id=\"7351\" class=\"elementor elementor-7351 elementor-4592\" data-elementor-settings=\"[]\">\n\t\t\t\t\t\t<div class=\"elementor-inner\">\n\t\t\t\t\t\t\t<div class=\"elementor-section-wrap\">\n\t\t\t\t\t\t\t<section class=\"elementor-section elementor-top-section elementor-element elementor-element-8fbuk16 elementor-section-height-min-height elementor-section-content-middle elementor-section-boxed elementor-section-height-default elementor-section-items-middle default-style\" data-id=\"8fbuk16\" data-element_type=\"section\" data-settings=\"{&quot;background_background&quot;:&quot;classic&quot;,&quot;rt_color_sets&quot;:&quot;default-style&quot;}\">\n\t\t\t\t\t\t<div class=\"elementor-container elementor-column-gap-default\">\n\t\t\t\t\t\t\t<div class=\"elementor-row\">\n\t\t\t\t\t<div class=\"elementor-column elementor-col-100 elementor-top-column elementor-element elementor-element-zh5ia92 elementor-invisible\" data-id=\"zh5ia92\" data-element_type=\"column\" data-settings=\"{&quot;animation&quot;:&quot;fadeIn&quot;}\">\n\t\t\t<div class=\"elementor-column-wrap elementor-element-populated\">\n\t\t\t\t\t\t\t<div class=\"elementor-widget-wrap\">\n\t\t\t\t\t\t<div class=\"elementor-element elementor-element-rhlbopk elementor-widget elementor-widget-rt-heading\" data-id=\"rhlbopk\" data-element_type=\"widget\" data-widget_type=\"rt-heading.default\">\n\t\t\t\t<div class=\"elementor-widget-container\">\n\t\t\t<div class=\"rt-heading-wrapper style-2\">\n\t\t\t\t\t\t<H4 class=\"rt-heading style-2\" >Wer wir sind<\/H4>\n\t\t\t\t\t<\/div>\t\t<\/div>\n\t\t\t\t<\/div>\n\t\t\t\t<div class=\"elementor-element elementor-element-d2055b8 elementor-aspect-ratio-169 elementor-widget elementor-widget-video\" data-id=\"d2055b8\" data-element_type=\"widget\" data-settings=\"{&quot;youtube_url&quot;:&quot;https:\\\/\\\/www.youtube.com\\\/watch?v=z8B6iIA6xR0&quot;,&quot;autoplay&quot;:&quot;yes&quot;,&quot;play_on_mobile&quot;:&quot;yes&quot;,&quot;mute&quot;:&quot;yes&quot;,&quot;loop&quot;:&quot;yes&quot;,&quot;video_type&quot;:&quot;youtube&quot;,&quot;controls&quot;:&quot;yes&quot;,&quot;aspect_ratio&quot;:&quot;169&quot;}\" data-widget_type=\"video.default\">\n\t\t\t\t<div class=\"elementor-widget-container\">\n\t\t\t\t\t<div class=\"elementor-wrapper elementor-fit-aspect-ratio elementor-open-inline\">\n\t\t\t<div class=\"elementor-video\"><\/div>\t\t<\/div>\n\t\t\t\t<\/div>\n\t\t\t\t<\/div>\n\t\t\t\t\t\t<\/div>\n\t\t\t\t\t<\/div>\n\t\t<\/div>\n\t\t\t\t\t\t\t\t<\/div>\n\t\t\t\t\t<\/div>\n\t\t<\/section>\n\t\t\t\t<section class=\"elementor-section elementor-top-section elementor-element elementor-element-fcccc14 elementor-section-height-min-height elementor-section-content-middle elementor-section-boxed elementor-section-height-default elementor-section-items-middle default-style\" data-id=\"fcccc14\" data-element_type=\"section\" data-settings=\"{&quot;background_background&quot;:&quot;classic&quot;,&quot;rt_color_sets&quot;:&quot;default-style&quot;}\">\n\t\t\t\t\t\t<div class=\"elementor-container elementor-column-gap-default\">\n\t\t\t\t\t\t\t<div class=\"elementor-row\">\n\t\t\t\t\t<div class=\"elementor-column elementor-col-50 elementor-top-column elementor-element elementor-element-92678d8 elementor-invisible\" data-id=\"92678d8\" data-element_type=\"column\" data-settings=\"{&quot;animation&quot;:&quot;fadeIn&quot;}\">\n\t\t\t<div class=\"elementor-column-wrap elementor-element-populated\">\n\t\t\t\t\t\t\t<div class=\"elementor-widget-wrap\">\n\t\t\t\t\t\t<div class=\"elementor-element elementor-element-f304889 elementor-widget elementor-widget-text-editor\" data-id=\"f304889\" data-element_type=\"widget\" data-widget_type=\"text-editor.default\">\n\t\t\t\t<div class=\"elementor-widget-container\">\n\t\t\t\t\t\t\t\t<div class=\"elementor-text-editor elementor-clearfix\">\n\t\t\t\t<p><span style=\"font-weight: 400;\">Tekima ist ein italienischer Kabelhersteller.<br \/>Wir bieten auch den Verkauf von Zubeh\u00f6rteilen an zur Unterst\u00fctzung und zum Schutz sowie deren Einbau in Industriemaschinen und -anlagen.<br \/><\/span><\/p><p><span style=\"font-weight: 400;\">Unsere Produkte werden nach europ\u00e4ischen, nordamerikanischen und kanadischen Normen hergestellt.<br \/>Entdecken Sie das <a href=\"https:\/\/www.tekima.com\/de\/kabel-fur-industrielle-anwendungen\/\">Sortiment<\/a>.<br \/><\/span><\/p><p><span style=\"font-weight: 400;\">Wir haben Referenzen in der ganzen Welt.<br \/>Finden Sie heraus, <a href=\"https:\/\/www.tekima.com\/de\/tekima-in-der-welt\/\">wo<\/a>.<br \/><\/span><\/p><p><span style=\"font-weight: 400;\">Das Wissen um technische und regulatorische Anforderungen spielt f\u00fcr Tekima eine wichtige Rolle.<br \/>Lernen Sie unser <a href=\"https:\/\/www.tekima.com\/de\/team\/\">Team<\/a> kennen und kontaktieren Sie uns f\u00fcr weitere Informationen.<br \/><\/span><\/p>\t\t\t\t\t<\/div>\n\t\t\t\t\t\t<\/div>\n\t\t\t\t<\/div>\n\t\t\t\t\t\t<\/div>\n\t\t\t\t\t<\/div>\n\t\t<\/div>\n\t\t\t\t<div class=\"elementor-column elementor-col-50 elementor-top-column elementor-element elementor-element-f8de984 elementor-invisible\" data-id=\"f8de984\" data-element_type=\"column\" data-settings=\"{&quot;background_background&quot;:&quot;classic&quot;,&quot;animation&quot;:&quot;fadeIn&quot;,&quot;animation_delay&quot;:100}\">\n\t\t\t<div class=\"elementor-column-wrap elementor-element-populated\">\n\t\t\t\t\t\t\t<div class=\"elementor-widget-wrap\">\n\t\t\t\t\t\t<div class=\"elementor-element elementor-element-652562d elementor--h-position-center elementor--v-position-middle elementor-arrows-position-inside elementor-widget elementor-widget-slides\" data-id=\"652562d\" data-element_type=\"widget\" data-settings=\"{&quot;navigation&quot;:&quot;arrows&quot;,&quot;autoplay&quot;:&quot;yes&quot;,&quot;pause_on_hover&quot;:&quot;yes&quot;,&quot;pause_on_interaction&quot;:&quot;yes&quot;,&quot;autoplay_speed&quot;:5000,&quot;infinite&quot;:&quot;yes&quot;,&quot;transition&quot;:&quot;slide&quot;,&quot;transition_speed&quot;:500}\" data-widget_type=\"slides.default\">\n\t\t\t\t<div class=\"elementor-widget-container\">\n\t\t\t\t\t<div class=\"elementor-swiper\">\n\t\t\t<div class=\"elementor-slides-wrapper elementor-main-swiper swiper-container\" dir=\"ltr\" data-animation=\"fadeInUp\">\n\t\t\t\t<div class=\"swiper-wrapper elementor-slides\">\n\t\t\t\t\t\t\t\t\t\t<div class=\"elementor-repeater-item-27bc152 swiper-slide\"><div class=\"swiper-slide-bg\"><\/div><div class=\"swiper-slide-inner\" ><div class=\"swiper-slide-contents\"><\/div><\/div><\/div><div class=\"elementor-repeater-item-89c91d7 swiper-slide\"><div class=\"swiper-slide-bg\"><\/div><div class=\"swiper-slide-inner\" ><div class=\"swiper-slide-contents\"><\/div><\/div><\/div><div class=\"elementor-repeater-item-7b44dfd swiper-slide\"><div class=\"swiper-slide-bg\"><\/div><div class=\"swiper-slide-inner\" ><div class=\"swiper-slide-contents\"><\/div><\/div><\/div><div class=\"elementor-repeater-item-c6cddd2 swiper-slide\"><div class=\"swiper-slide-bg\"><\/div><div class=\"swiper-slide-inner\" ><div class=\"swiper-slide-contents\"><\/div><\/div><\/div><div class=\"elementor-repeater-item-4946ed2 swiper-slide\"><div class=\"swiper-slide-bg\"><\/div><div class=\"swiper-slide-inner\" ><div class=\"swiper-slide-contents\"><\/div><\/div><\/div><div class=\"elementor-repeater-item-d9de0d3 swiper-slide\"><div class=\"swiper-slide-bg\"><\/div><div class=\"swiper-slide-inner\" ><div class=\"swiper-slide-contents\"><\/div><\/div><\/div><div class=\"elementor-repeater-item-29df358 swiper-slide\"><div class=\"swiper-slide-bg\"><\/div><div class=\"swiper-slide-inner\" ><div class=\"swiper-slide-contents\"><\/div><\/div><\/div><div class=\"elementor-repeater-item-d45e649 swiper-slide\"><div class=\"swiper-slide-bg\"><\/div><div class=\"swiper-slide-inner\" ><div class=\"swiper-slide-contents\"><\/div><\/div><\/div>\t\t\t\t<\/div>\n\t\t\t\t\t\t\t\t\t\t\t\t\t\t\t\t\t\t\t\t<div class=\"elementor-swiper-button elementor-swiper-button-prev\">\n\t\t\t\t\t\t\t<i aria-hidden=\"true\" class=\"eicon-chevron-left\"><\/i>\t\t\t\t\t\t\t<span class=\"elementor-screen-only\">Voriger<\/span>\n\t\t\t\t\t\t<\/div>\n\t\t\t\t\t\t<div class=\"elementor-swiper-button elementor-swiper-button-next\">\n\t\t\t\t\t\t\t<i aria-hidden=\"true\" class=\"eicon-chevron-right\"><\/i>\t\t\t\t\t\t\t<span class=\"elementor-screen-only\">N\u00e4chster<\/span>\n\t\t\t\t\t\t<\/div>\n\t\t\t\t\t\t\t\t\t\t\t\t<\/div>\n\t\t<\/div>\n\t\t\t\t<\/div>\n\t\t\t\t<\/div>\n\t\t\t\t\t\t<\/div>\n\t\t\t\t\t<\/div>\n\t\t<\/div>\n\t\t\t\t\t\t\t\t<\/div>\n\t\t\t\t\t<\/div>\n\t\t<\/section>\n\t\t\t\t\t\t<\/div>\n\t\t\t\t\t\t<\/div>\n\t\t\t\t\t<\/div>\n\t\t","protected":false},"excerpt":{"rendered":"<p>Wer wir sind https:\/\/www.youtube.com\/watch?v=z8B6iIA6xR0 Tekima ist ein italienischer Kabelhersteller.Wir bieten auch den Verkauf von Zubeh\u00f6rteilen an zur Unterst\u00fctzung und zum Schutz sowie deren Einbau in Industriemaschinen und -anlagen. Unsere Produkte werden nach europ\u00e4ischen, nordamerikanischen und kanadischen Normen hergestellt.Entdecken Sie das Sortiment. Wir haben Referenzen in der ganzen Welt.Finden Sie heraus, wo. Das Wissen um technische [&hellip;]<\/p>\n","protected":false},"author":1,"featured_media":0,"parent":0,"menu_order":0,"comment_status":"closed","ping_status":"closed","template":"","meta":{"kia_subtitle":"","footnotes":""},"class_list":["post-7351","page","type-page","status-publish","hentry"],"yoast_head":"<!-- This site is optimized with the Yoast SEO plugin v21.7 - https:\/\/yoast.com\/wordpress\/plugins\/seo\/ -->\n<title>\u00dcber uns | Tekima<\/title>\n<meta name=\"description\" content=\"Tekima spezialisiert sich auf die Lieferung von Industriekabel, Stromkabel und f\u00fcr vor Ort zu installierende Komponenten.\" \/>\n<meta name=\"robots\" content=\"index, follow, max-snippet:-1, max-image-preview:large, max-video-preview:-1\" \/>\n<link rel=\"canonical\" href=\"https:\/\/www.tekima.com\/chi-siamo\/\" \/>\n<meta property=\"og:locale\" content=\"de_DE\" \/>\n<meta property=\"og:type\" content=\"article\" \/>\n<meta property=\"og:title\" content=\"\u00dcber uns | Tekima\" \/>\n<meta property=\"og:description\" content=\"Tekima spezialisiert sich auf die Lieferung von Industriekabel, Stromkabel und f\u00fcr vor Ort zu installierende Komponenten.\" \/>\n<meta property=\"og:url\" content=\"https:\/\/www.tekima.com\/chi-siamo\/\" \/>\n<meta property=\"og:site_name\" content=\"Tekima\" \/>\n<meta property=\"article:publisher\" content=\"https:\/\/www.facebook.com\/tekima.it\" \/>\n<meta property=\"article:modified_time\" content=\"2023-03-15T08:25:14+00:00\" \/>\n<meta name=\"twitter:card\" content=\"summary_large_image\" \/>\n<meta name=\"twitter:label1\" content=\"Gesch\u00e4tzte Lesezeit\" \/>\n\t<meta name=\"twitter:data1\" content=\"1\u00a0Minute\" \/>\n<script type=\"application\/ld+json\" class=\"yoast-schema-graph\">{\"@context\":\"https:\/\/schema.org\",\"@graph\":[{\"@type\":\"WebPage\",\"@id\":\"https:\/\/www.tekima.com\/chi-siamo\/\",\"url\":\"https:\/\/www.tekima.com\/chi-siamo\/\",\"name\":\"\u00dcber uns | Tekima\",\"isPartOf\":{\"@id\":\"https:\/\/www.tekima.com\/#website\"},\"datePublished\":\"2019-05-09T12:36:54+00:00\",\"dateModified\":\"2023-03-15T08:25:14+00:00\",\"description\":\"Tekima spezialisiert sich auf die Lieferung von Industriekabel, Stromkabel und f\u00fcr vor Ort zu installierende Komponenten.\",\"breadcrumb\":{\"@id\":\"https:\/\/www.tekima.com\/chi-siamo\/#breadcrumb\"},\"inLanguage\":\"de\",\"potentialAction\":[{\"@type\":\"ReadAction\",\"target\":[\"https:\/\/www.tekima.com\/chi-siamo\/\"]}]},{\"@type\":\"BreadcrumbList\",\"@id\":\"https:\/\/www.tekima.com\/chi-siamo\/#breadcrumb\",\"itemListElement\":[{\"@type\":\"ListItem\",\"position\":1,\"name\":\"Home\",\"item\":\"https:\/\/www.tekima.com\/\"},{\"@type\":\"ListItem\",\"position\":2,\"name\":\"Wer wir sind\"}]},{\"@type\":\"WebSite\",\"@id\":\"https:\/\/www.tekima.com\/#website\",\"url\":\"https:\/\/www.tekima.com\/\",\"name\":\"Tekima\",\"description\":\"\",\"publisher\":{\"@id\":\"https:\/\/www.tekima.com\/#organization\"},\"potentialAction\":[{\"@type\":\"SearchAction\",\"target\":{\"@type\":\"EntryPoint\",\"urlTemplate\":\"https:\/\/www.tekima.com\/?s={search_term_string}\"},\"query-input\":\"required name=search_term_string\"}],\"inLanguage\":\"de\"},{\"@type\":\"Organization\",\"@id\":\"https:\/\/www.tekima.com\/#organization\",\"name\":\"Tekima\",\"url\":\"https:\/\/www.tekima.com\/\",\"logo\":{\"@type\":\"ImageObject\",\"inLanguage\":\"de\",\"@id\":\"https:\/\/www.tekima.com\/#\/schema\/logo\/image\/\",\"url\":\"https:\/\/www.tekima.com\/wp-content\/uploads\/2019\/05\/logo400.png\",\"contentUrl\":\"https:\/\/www.tekima.com\/wp-content\/uploads\/2019\/05\/logo400.png\",\"width\":450,\"height\":94,\"caption\":\"Tekima\"},\"image\":{\"@id\":\"https:\/\/www.tekima.com\/#\/schema\/logo\/image\/\"},\"sameAs\":[\"https:\/\/www.facebook.com\/tekima.it\",\"https:\/\/www.linkedin.com\/company\/tekima\/\",\"https:\/\/www.youtube.com\/channel\/UC_coJiEqsdOHUGSsrNKRBZQ\"]}]}<\/script>\n<!-- \/ Yoast SEO plugin. -->","yoast_head_json":{"title":"\u00dcber uns | Tekima","description":"Tekima spezialisiert sich auf die Lieferung von Industriekabel, Stromkabel und f\u00fcr vor Ort zu installierende Komponenten.","robots":{"index":"index","follow":"follow","max-snippet":"max-snippet:-1","max-image-preview":"max-image-preview:large","max-video-preview":"max-video-preview:-1"},"canonical":"https:\/\/www.tekima.com\/chi-siamo\/","og_locale":"de_DE","og_type":"article","og_title":"\u00dcber uns | Tekima","og_description":"Tekima spezialisiert sich auf die Lieferung von Industriekabel, Stromkabel und f\u00fcr vor Ort zu installierende Komponenten.","og_url":"https:\/\/www.tekima.com\/chi-siamo\/","og_site_name":"Tekima","article_publisher":"https:\/\/www.facebook.com\/tekima.it","article_modified_time":"2023-03-15T08:25:14+00:00","twitter_card":"summary_large_image","twitter_misc":{"Gesch\u00e4tzte Lesezeit":"1\u00a0Minute"},"schema":{"@context":"https:\/\/schema.org","@graph":[{"@type":"WebPage","@id":"https:\/\/www.tekima.com\/chi-siamo\/","url":"https:\/\/www.tekima.com\/chi-siamo\/","name":"\u00dcber uns | Tekima","isPartOf":{"@id":"https:\/\/www.tekima.com\/#website"},"datePublished":"2019-05-09T12:36:54+00:00","dateModified":"2023-03-15T08:25:14+00:00","description":"Tekima spezialisiert sich auf die Lieferung von Industriekabel, Stromkabel und f\u00fcr vor Ort zu installierende Komponenten.","breadcrumb":{"@id":"https:\/\/www.tekima.com\/chi-siamo\/#breadcrumb"},"inLanguage":"de","potentialAction":[{"@type":"ReadAction","target":["https:\/\/www.tekima.com\/chi-siamo\/"]}]},{"@type":"BreadcrumbList","@id":"https:\/\/www.tekima.com\/chi-siamo\/#breadcrumb","itemListElement":[{"@type":"ListItem","position":1,"name":"Home","item":"https:\/\/www.tekima.com\/"},{"@type":"ListItem","position":2,"name":"Wer wir sind"}]},{"@type":"WebSite","@id":"https:\/\/www.tekima.com\/#website","url":"https:\/\/www.tekima.com\/","name":"Tekima","description":"","publisher":{"@id":"https:\/\/www.tekima.com\/#organization"},"potentialAction":[{"@type":"SearchAction","target":{"@type":"EntryPoint","urlTemplate":"https:\/\/www.tekima.com\/?s={search_term_string}"},"query-input":"required name=search_term_string"}],"inLanguage":"de"},{"@type":"Organization","@id":"https:\/\/www.tekima.com\/#organization","name":"Tekima","url":"https:\/\/www.tekima.com\/","logo":{"@type":"ImageObject","inLanguage":"de","@id":"https:\/\/www.tekima.com\/#\/schema\/logo\/image\/","url":"https:\/\/www.tekima.com\/wp-content\/uploads\/2019\/05\/logo400.png","contentUrl":"https:\/\/www.tekima.com\/wp-content\/uploads\/2019\/05\/logo400.png","width":450,"height":94,"caption":"Tekima"},"image":{"@id":"https:\/\/www.tekima.com\/#\/schema\/logo\/image\/"},"sameAs":["https:\/\/www.facebook.com\/tekima.it","https:\/\/www.linkedin.com\/company\/tekima\/","https:\/\/www.youtube.com\/channel\/UC_coJiEqsdOHUGSsrNKRBZQ"]}]}},"_links":{"self":[{"href":"https:\/\/www.tekima.com\/de\/wp-json\/wp\/v2\/pages\/7351"}],"collection":[{"href":"https:\/\/www.tekima.com\/de\/wp-json\/wp\/v2\/pages"}],"about":[{"href":"https:\/\/www.tekima.com\/de\/wp-json\/wp\/v2\/types\/page"}],"author":[{"embeddable":true,"href":"https:\/\/www.tekima.com\/de\/wp-json\/wp\/v2\/users\/1"}],"replies":[{"embeddable":true,"href":"https:\/\/www.tekima.com\/de\/wp-json\/wp\/v2\/comments?post=7351"}],"version-history":[{"count":43,"href":"https:\/\/www.tekima.com\/de\/wp-json\/wp\/v2\/pages\/7351\/revisions"}],"predecessor-version":[{"id":23938,"href":"https:\/\/www.tekima.com\/de\/wp-json\/wp\/v2\/pages\/7351\/revisions\/23938"}],"wp:attachment":[{"href":"https:\/\/www.tekima.com\/de\/wp-json\/wp\/v2\/media?parent=7351"}],"curies":[{"name":"wp","href":"https:\/\/api.w.org\/{rel}","templated":true}]}}