{"id":7737,"date":"2019-05-10T14:26:29","date_gmt":"2019-05-10T14:26:29","guid":{"rendered":"https:\/\/www.tekima.com\/allgemeine-geschaftsbedingungen\/"},"modified":"2023-10-19T10:30:28","modified_gmt":"2023-10-19T09:30:28","slug":"allgemeine-geschaftsbedingungen","status":"publish","type":"page","link":"https:\/\/www.tekima.com\/de\/allgemeine-geschaftsbedingungen\/","title":{"rendered":"Allgemeine Gesch\u00e4ftsbedingungen"},"content":{"rendered":"<h3>Allgemeine Geschaftsbedingungen von www.tekima.it<\/h3>\n<h4><strong>1. G\u00fcltigkeit<\/strong><\/h4>\n<p>Mit der Auftragserteilung und dem Erhalt der Auftragsbest\u00e4tigung nimmt der K\u00e4ufer die vorliegenden AGBs zur Kenntnis und akzeptiert sie. Diese AGBs ersetzen und machen die AGBs des K\u00e4ufers auch ohne vorherige schriftliche Mitteilung unserer Seite unwirksam, sofern dies nicht ausdr\u00fccklich anders von uns schriftlich vereinbart und akzeptiert wurde.<\/p>\n<h4><strong>2. Bestellungen<\/strong><\/h4>\n<p>Verbindlich f\u00fcr die Parteien sind ausschlie\u00dflich die Preise und Lieferbedingungen, die in der Auftragsbest\u00e4tigung angegeben werden, unabh\u00e4ngig von anderen Angaben, die etwa in einem Angebot gemacht wurden. Bestellungen werden schriftlich per Fax, Post oder E-Mail angenommen. Als Bestellungsdatum gilt das Eingangsdatum des Schreibens beim Lieferanten. Als rechtsverbindliche Bestellungen gelten nur die Auftr\u00e4ge, die vom Lieferanten durch eine Auftragsbest\u00e4tigung schriftlich per Fax, Post oder E-Mail best\u00e4tigt werden. Etwaige Bestellungs\u00e4nderungen seitens des K\u00e4ufers sollen schriftlich per Fax, Post oder E-Mail mitgeteilt werden, deren Akzeptanz untersteht dem Vorbehalt seitens des Lieferanten, die durch eine weitere schriftliche Auftragsbest\u00e4tigung best\u00e4tigt wird.<\/p>\n<h4><strong>3. Preise<\/strong><\/h4>\n<p>Es gelten ausschlie\u00dflich die Preise, die in der Auftragsbest\u00e4tigung angegeben werden. Die Preise verstehen sich zuz\u00fcglich Mehrwertsteuer.<\/p>\n<h4><strong>4. Mindestbestellmenge<\/strong><\/h4>\n<p>Es werden keine Bestellungen unter dem Mindestbestellwert von 500,00 Euro angenommen, au\u00dfer diese werden von unserer Seite durch Auftragsbest\u00e4tigung angenommen und best\u00e4tigt. In einem solchen Fall behalten wir uns das Recht vor, Bearbeitungsgeb\u00fchren in H\u00f6he von 50,00 Euro in Rechnung zu stellen.<\/p>\n<h4><strong>5. Lieferungen<\/strong><\/h4>\n<p>Die R\u00fccksendung der Ware erfolgt EXW Tekima Borgosatollo (BS), es sei denn, es werden besondere Vereinbarungen getroffen, in denen eine andere R\u00fccksendung vereinbart wird, das Transportrisiko tr\u00e4gt jedoch weiterhin der Empf\u00e4nger.<\/p>\n<h4><strong>6. Lieferfrist<\/strong><\/h4>\n<p>Die Lieferfristen gelten als nur n\u00e4herungsweise vereinbart und im Fall von Lieferversp\u00e4tungen hat der K\u00e4ufer in keinem Fall das Recht, die gesamte Ware oder Teile davon abzulehnen oder eine Entsch\u00e4digung f\u00fcr direkte oder indirekte Sch\u00e4den zu verlangen. Unter Lieferdatum ist der Tag zu verstehen, an dem die Produkte f\u00fcr den Versand bereit sind und als solcher ausdr\u00fccklich in der Auftragsbest\u00e4tigung angegeben wurde. Der Lieferant benachrichtigt umgehend den K\u00e4ufer \u00fcber Dauer und Grund bei eintretenden Verz\u00f6gerungen von mehr als 5 Arbeitstagen abweichend vom vorgesehenen Lieferdatum. Sollten Eiltransporte\/-sendungen vorzunehmen sein, tr\u00e4gt der K\u00e4ufer die entsprechenden Mehrkosten.<\/p>\n<h4><strong>7. Verpackung<\/strong><\/h4>\n<p>Soweit in unseren Katalogen bzw. Preislisten f\u00fcr die Produkte besondere Verpackungseinheiten vorgesehen sind, k\u00f6nnen diese Produkte nur in der angegebenen Liefermenge oder in ganzzahligen Vielfachen derselben geliefert werden. Bestellte Mengen, die von den angegebenen Verpackungseinheiten abweichen, werden n\u00e4herungsweise so ge\u00e4ndert, dass diese den Standard-Verpackungseinheiten entsprechen.<\/p>\n<h4><strong>8. Zahlungen<\/strong><\/h4>\n<p>Wird das vereinbarte Zahlungsziel \u00fcberschritten, so berechnen wir F\u00e4lligkeitszinsen auf Grundlage des handels\u00fcblichen Zinssatzes. Ger\u00e4t der K\u00e4ufer mit einer Zahlung ganz oder teilweise in Verzug, so sind wir berechtigt, etwaige Lieferungen zu unterbrechen oder zur\u00fcckzuhalten. Der Lieferant beh\u00e4lt sich das Recht vor, seine gegen\u00fcber dem K\u00e4ufer bestehenden Forderungen teilweise oder im Ganzen und ohne ausdr\u00fcckliche Genehmigung des K\u00e4ufers an Dritte abzutreten.<\/p>\n<h4><strong>9. Gew\u00e4hrleistung und Haftung<\/strong><\/h4>\n<p>Die Produktgarantie besteht f\u00fcr den gesetzlich festgelegten Zeitraum und beginnt zum Zeitpunkt des Eigentums\u00fcbertrags an den K\u00e4ufer. Im Rahmen der Gew\u00e4hrleistung erfolgt der Austausch oder die kostenlose Reparatur von unbrauchbaren oder fehlerhaften Produkten aufgrund von Herstellungsfehlern. Der Anspruch auf Gew\u00e4hrleistung besteht nur unter der Voraussetzung, dass die o.g. Produkte in \u00dcbereinstimmung mit den Bestimmungen der technischen Normen gebraucht werden. Eine Haftung f\u00fcr mittelbare und unmittelbare Sch\u00e4den ist ausgeschlossen, sofern diese auf einen unsachgem\u00e4\u00dfen Gebrauch zur\u00fcckzuf\u00fchren sind. Erf\u00fcllungsort f\u00fcr die Gew\u00e4hrleistung ist der Sitz des Lieferanten, der zum Zeitpunkt der Auftragsbest\u00e4tigung angegeben wird. Von der Gew\u00e4hrleistung sind, von jetzt an, alle M\u00e4ngel bzw. Sch\u00e4den ausgeschlossen, die auf Austausch und\/oder Reparaturen seitens des K\u00e4ufer zur\u00fcckzuf\u00fchren sind, unabh\u00e4ngig davon, ob diese beim Sitz des K\u00e4ufern oder anderswo stattfinden. Von der Gew\u00e4hrleistung sind alle M\u00e4ngel bzw. Sch\u00e4den ausgeschlossen, die infolge nat\u00fcrlicher Abn\u00fctzung, mangelhafter Wartung, unsachgem\u00e4\u00dfer Behandlung der gelieferten Produkte entstanden sind und wenn der K\u00e4ufer seine Zahlungsverpflichtungen nicht erf\u00fcllt hat.<br \/>\nDer Lieferant hat eine angemessene Haftpflichtversicherung zur Abdeckung der Risiken abgeschlossen, die die Folgen einer vollst\u00e4ndigen oder teilweisen Nichterf\u00fcllung seiner Verpflichtungen mit allen damit verbundenen Risiken abdeckt, einschlie\u00dflich des Risikos infolge einer Lieferung von fehlerhaften Produkten gem\u00e4\u00df Artikel 1917 Codice Civile [italienisches B\u00fcrgerliches Gesetzbuch].<\/p>\n<h4><strong>10. Produkteigenschaften<\/strong><\/h4>\n<p>Alle Angaben zu den technischen Eigenschaften, zum Gewicht, zu den Abmessungen und die entsprechenden Zeichnungen dienen lediglich der Veranschaulichung und k\u00f6nnen ohne vorherige Ank\u00fcndigung ge\u00e4ndert werden. Der K\u00e4ufer ist nicht berechtigt, sofern nicht anders vereinbart , Erkl\u00e4rungen, technische Zeichnungen und\/oder vertrauliche Dokumente usw. Dritten zug\u00e4nglich zu machen, die etwaige Angabe enthalten, die ganz oder teilweise durch Patente gesch\u00fctzt sind oder geistiges Eigentum des Lieferanten sind. Alle produktrelevanten Zeichnungen, technischen Spezifikationen, Pl\u00e4ne und Unterlagen, die dem K\u00e4ufer zur Verf\u00fcgung gestellt werden, bleiben ausschlie\u00dflich Eigentum des Lieferanten.<br \/>\nDer K\u00e4ufer verpflichtet sich, diese Einschr\u00e4nkung auch auf seine etwaigen Zulieferer auszuweiten, wenn diese Zugang zu den o.g. Daten und Informationen haben sollten.<\/p>\n<h4><strong>11. Reklamationen<\/strong><\/h4>\n<p>Etwaige Reklamationen sind innerhalb von 5 (f\u00fcnf) Tagen nach Erhalt der Ware schriftlich anzugeben. Nach Ablauf dieser Frist verf\u00e4llt das Recht auf Reklamation. Die Annahme der Produkte durch den K\u00e4ufer entbindet den Lieferanten von seiner Produkthaftung bez\u00fcglich der Qualit\u00e4t und Quantit\u00e4t der Produkte.<\/p>\n<h4><strong>12. Eigentumsvorbehalt<\/strong><\/h4>\n<p>Die Lieferung unserer Materialien versteht sich immer unter unserem Eigentumsvorbehalt bis zur ordnungsgem\u00e4\u00dfen und rechtzeitige Erf\u00fcllung der Zahlungsverpflichtungen, die als geleistet und angenommen best\u00e4tigt werden muss.<\/p>\n<p><strong>13. R\u00fcckgaberecht<\/strong><\/p>\n<p>R\u00fcckgaben von Materialien werden nur nach vorheriger schriftlicher Genehmigung angenommen und erfolgen frei unserem Lager in unversehrten Zustand in der Originalverpackung.<\/p>\n<h4><strong>14. Schiedsklausel und Gerichtsstand<\/strong><\/h4>\n<p>Alle Rechtsstreitigkeiten, die sich in Verbindung mit der Bestellung \/ dem Kaufvertrag sowie auch hinsichtlich deren G\u00fcltigkeit, Interpretation, Durchf\u00fchrung und Beendigung ergeben k\u00f6nnten, unterliegen der Entscheidung eines Schiedsgerichts von drei Schiedsrichtern. Hierbei wird jede Partei einen Schiedsrichter benennen und der dritte Schiedsrichter wird einvernehmlich von den ersten beiden bestellt oder, wenn eine einvernehmliche Entscheidung nicht m\u00f6glich sein sollte, durch den Pr\u00e4sidenten des Gerichts von Brescia. Das Schiedsverfahren wird ordnungsgem\u00e4\u00df in Brescia stattfinden. Das Schiedsgericht wird nach dem Gesetz entscheiden. F\u00fcr jeden weiteren nicht-schiedsf\u00e4higen Streitgegenstand gilt als Gerichtsstand ausschlie\u00dflich das Gericht Brescia.<\/p>\n<h4><strong>15. Verschiedene<\/strong><\/h4>\n<p>Die Allgemeinen Gesch\u00e4fts- und Lieferbedingungen werden durch das italienische Gesetz geregelt. Etwaige Verweise auf die Incoterms, die in der Auftragsbest\u00e4tigung enthaltenen sein k\u00f6nnten, verstehen sich als Bezugnahmen auf die Fassung der Incoterms der Internationalen Handelskammer, die zum Zeitpunkt der Auftragsbest\u00e4tigung gilt. Sollte eine oder mehrere Klauseln nichtig oder unwirksam sein, bleibt die Bestellung \/ der Kaufvertrages als Ganzes g\u00fcltig.<\/p>\n\t<div class=\"jobs-none-container\">\n\t\t<p>There are no open positions at the moment. If you would like us to review your profile, please send us your CV to jobs@tekima.com. You would be contacted in case of vacancies or new opportunities.<\/p>\n\t<\/div>\n\t\n","protected":false},"excerpt":{"rendered":"<p>Allgemeine Geschaftsbedingungen von www.tekima.it 1. G\u00fcltigkeit Mit der Auftragserteilung und dem Erhalt der Auftragsbest\u00e4tigung nimmt der K\u00e4ufer die vorliegenden AGBs zur Kenntnis und akzeptiert sie. Diese AGBs ersetzen und machen die AGBs des K\u00e4ufers auch ohne vorherige schriftliche Mitteilung unserer Seite unwirksam, sofern dies nicht ausdr\u00fccklich anders von uns schriftlich vereinbart und akzeptiert wurde. 2. [&hellip;]<\/p>\n","protected":false},"author":1,"featured_media":0,"parent":0,"menu_order":0,"comment_status":"closed","ping_status":"closed","template":"","meta":{"kia_subtitle":"","footnotes":""},"class_list":["post-7737","page","type-page","status-publish","hentry"],"yoast_head":"<!-- This site is optimized with the Yoast SEO plugin v21.7 - https:\/\/yoast.com\/wordpress\/plugins\/seo\/ -->\n<title>Allgemeine Gesch\u00e4ftsbedingungen | Tekima<\/title>\n<meta name=\"robots\" content=\"index, follow, max-snippet:-1, max-image-preview:large, max-video-preview:-1\" \/>\n<link rel=\"canonical\" href=\"https:\/\/www.tekima.com\/de\/allgemeine-geschaftsbedingungen\/\" \/>\n<meta property=\"og:locale\" content=\"de_DE\" \/>\n<meta property=\"og:type\" content=\"article\" \/>\n<meta property=\"og:title\" content=\"Allgemeine Gesch\u00e4ftsbedingungen | Tekima\" \/>\n<meta property=\"og:description\" content=\"Allgemeine Geschaftsbedingungen von www.tekima.it 1. G\u00fcltigkeit Mit der Auftragserteilung und dem Erhalt der Auftragsbest\u00e4tigung nimmt der K\u00e4ufer die vorliegenden AGBs zur Kenntnis und akzeptiert sie. Diese AGBs ersetzen und machen die AGBs des K\u00e4ufers auch ohne vorherige schriftliche Mitteilung unserer Seite unwirksam, sofern dies nicht ausdr\u00fccklich anders von uns schriftlich vereinbart und akzeptiert wurde. 2. [&hellip;]\" \/>\n<meta property=\"og:url\" content=\"https:\/\/www.tekima.com\/de\/allgemeine-geschaftsbedingungen\/\" \/>\n<meta property=\"og:site_name\" content=\"Tekima\" \/>\n<meta property=\"article:publisher\" content=\"https:\/\/www.facebook.com\/tekima.it\" \/>\n<meta property=\"article:modified_time\" content=\"2023-10-19T09:30:28+00:00\" \/>\n<meta name=\"twitter:card\" content=\"summary_large_image\" \/>\n<meta name=\"twitter:label1\" content=\"Gesch\u00e4tzte Lesezeit\" \/>\n\t<meta name=\"twitter:data1\" content=\"6\u00a0Minuten\" \/>\n<script type=\"application\/ld+json\" class=\"yoast-schema-graph\">{\"@context\":\"https:\/\/schema.org\",\"@graph\":[{\"@type\":\"WebPage\",\"@id\":\"https:\/\/www.tekima.com\/de\/allgemeine-geschaftsbedingungen\/\",\"url\":\"https:\/\/www.tekima.com\/de\/allgemeine-geschaftsbedingungen\/\",\"name\":\"Allgemeine Gesch\u00e4ftsbedingungen | Tekima\",\"isPartOf\":{\"@id\":\"https:\/\/www.tekima.com\/#website\"},\"datePublished\":\"2019-05-10T14:26:29+00:00\",\"dateModified\":\"2023-10-19T09:30:28+00:00\",\"breadcrumb\":{\"@id\":\"https:\/\/www.tekima.com\/de\/allgemeine-geschaftsbedingungen\/#breadcrumb\"},\"inLanguage\":\"de\",\"potentialAction\":[{\"@type\":\"ReadAction\",\"target\":[\"https:\/\/www.tekima.com\/de\/allgemeine-geschaftsbedingungen\/\"]}]},{\"@type\":\"BreadcrumbList\",\"@id\":\"https:\/\/www.tekima.com\/de\/allgemeine-geschaftsbedingungen\/#breadcrumb\",\"itemListElement\":[{\"@type\":\"ListItem\",\"position\":1,\"name\":\"Home\",\"item\":\"https:\/\/www.tekima.com\/\"},{\"@type\":\"ListItem\",\"position\":2,\"name\":\"Allgemeine Gesch\u00e4ftsbedingungen\"}]},{\"@type\":\"WebSite\",\"@id\":\"https:\/\/www.tekima.com\/#website\",\"url\":\"https:\/\/www.tekima.com\/\",\"name\":\"Tekima\",\"description\":\"\",\"publisher\":{\"@id\":\"https:\/\/www.tekima.com\/#organization\"},\"potentialAction\":[{\"@type\":\"SearchAction\",\"target\":{\"@type\":\"EntryPoint\",\"urlTemplate\":\"https:\/\/www.tekima.com\/?s={search_term_string}\"},\"query-input\":\"required name=search_term_string\"}],\"inLanguage\":\"de\"},{\"@type\":\"Organization\",\"@id\":\"https:\/\/www.tekima.com\/#organization\",\"name\":\"Tekima\",\"url\":\"https:\/\/www.tekima.com\/\",\"logo\":{\"@type\":\"ImageObject\",\"inLanguage\":\"de\",\"@id\":\"https:\/\/www.tekima.com\/#\/schema\/logo\/image\/\",\"url\":\"https:\/\/www.tekima.com\/wp-content\/uploads\/2019\/05\/logo400.png\",\"contentUrl\":\"https:\/\/www.tekima.com\/wp-content\/uploads\/2019\/05\/logo400.png\",\"width\":450,\"height\":94,\"caption\":\"Tekima\"},\"image\":{\"@id\":\"https:\/\/www.tekima.com\/#\/schema\/logo\/image\/\"},\"sameAs\":[\"https:\/\/www.facebook.com\/tekima.it\",\"https:\/\/www.linkedin.com\/company\/tekima\/\",\"https:\/\/www.youtube.com\/channel\/UC_coJiEqsdOHUGSsrNKRBZQ\"]}]}<\/script>\n<!-- \/ Yoast SEO plugin. -->","yoast_head_json":{"title":"Allgemeine Gesch\u00e4ftsbedingungen | Tekima","robots":{"index":"index","follow":"follow","max-snippet":"max-snippet:-1","max-image-preview":"max-image-preview:large","max-video-preview":"max-video-preview:-1"},"canonical":"https:\/\/www.tekima.com\/de\/allgemeine-geschaftsbedingungen\/","og_locale":"de_DE","og_type":"article","og_title":"Allgemeine Gesch\u00e4ftsbedingungen | Tekima","og_description":"Allgemeine Geschaftsbedingungen von www.tekima.it 1. G\u00fcltigkeit Mit der Auftragserteilung und dem Erhalt der Auftragsbest\u00e4tigung nimmt der K\u00e4ufer die vorliegenden AGBs zur Kenntnis und akzeptiert sie. Diese AGBs ersetzen und machen die AGBs des K\u00e4ufers auch ohne vorherige schriftliche Mitteilung unserer Seite unwirksam, sofern dies nicht ausdr\u00fccklich anders von uns schriftlich vereinbart und akzeptiert wurde. 2. [&hellip;]","og_url":"https:\/\/www.tekima.com\/de\/allgemeine-geschaftsbedingungen\/","og_site_name":"Tekima","article_publisher":"https:\/\/www.facebook.com\/tekima.it","article_modified_time":"2023-10-19T09:30:28+00:00","twitter_card":"summary_large_image","twitter_misc":{"Gesch\u00e4tzte Lesezeit":"6\u00a0Minuten"},"schema":{"@context":"https:\/\/schema.org","@graph":[{"@type":"WebPage","@id":"https:\/\/www.tekima.com\/de\/allgemeine-geschaftsbedingungen\/","url":"https:\/\/www.tekima.com\/de\/allgemeine-geschaftsbedingungen\/","name":"Allgemeine Gesch\u00e4ftsbedingungen | Tekima","isPartOf":{"@id":"https:\/\/www.tekima.com\/#website"},"datePublished":"2019-05-10T14:26:29+00:00","dateModified":"2023-10-19T09:30:28+00:00","breadcrumb":{"@id":"https:\/\/www.tekima.com\/de\/allgemeine-geschaftsbedingungen\/#breadcrumb"},"inLanguage":"de","potentialAction":[{"@type":"ReadAction","target":["https:\/\/www.tekima.com\/de\/allgemeine-geschaftsbedingungen\/"]}]},{"@type":"BreadcrumbList","@id":"https:\/\/www.tekima.com\/de\/allgemeine-geschaftsbedingungen\/#breadcrumb","itemListElement":[{"@type":"ListItem","position":1,"name":"Home","item":"https:\/\/www.tekima.com\/"},{"@type":"ListItem","position":2,"name":"Allgemeine Gesch\u00e4ftsbedingungen"}]},{"@type":"WebSite","@id":"https:\/\/www.tekima.com\/#website","url":"https:\/\/www.tekima.com\/","name":"Tekima","description":"","publisher":{"@id":"https:\/\/www.tekima.com\/#organization"},"potentialAction":[{"@type":"SearchAction","target":{"@type":"EntryPoint","urlTemplate":"https:\/\/www.tekima.com\/?s={search_term_string}"},"query-input":"required name=search_term_string"}],"inLanguage":"de"},{"@type":"Organization","@id":"https:\/\/www.tekima.com\/#organization","name":"Tekima","url":"https:\/\/www.tekima.com\/","logo":{"@type":"ImageObject","inLanguage":"de","@id":"https:\/\/www.tekima.com\/#\/schema\/logo\/image\/","url":"https:\/\/www.tekima.com\/wp-content\/uploads\/2019\/05\/logo400.png","contentUrl":"https:\/\/www.tekima.com\/wp-content\/uploads\/2019\/05\/logo400.png","width":450,"height":94,"caption":"Tekima"},"image":{"@id":"https:\/\/www.tekima.com\/#\/schema\/logo\/image\/"},"sameAs":["https:\/\/www.facebook.com\/tekima.it","https:\/\/www.linkedin.com\/company\/tekima\/","https:\/\/www.youtube.com\/channel\/UC_coJiEqsdOHUGSsrNKRBZQ"]}]}},"_links":{"self":[{"href":"https:\/\/www.tekima.com\/de\/wp-json\/wp\/v2\/pages\/7737"}],"collection":[{"href":"https:\/\/www.tekima.com\/de\/wp-json\/wp\/v2\/pages"}],"about":[{"href":"https:\/\/www.tekima.com\/de\/wp-json\/wp\/v2\/types\/page"}],"author":[{"embeddable":true,"href":"https:\/\/www.tekima.com\/de\/wp-json\/wp\/v2\/users\/1"}],"replies":[{"embeddable":true,"href":"https:\/\/www.tekima.com\/de\/wp-json\/wp\/v2\/comments?post=7737"}],"version-history":[{"count":14,"href":"https:\/\/www.tekima.com\/de\/wp-json\/wp\/v2\/pages\/7737\/revisions"}],"predecessor-version":[{"id":26327,"href":"https:\/\/www.tekima.com\/de\/wp-json\/wp\/v2\/pages\/7737\/revisions\/26327"}],"wp:attachment":[{"href":"https:\/\/www.tekima.com\/de\/wp-json\/wp\/v2\/media?parent=7737"}],"curies":[{"name":"wp","href":"https:\/\/api.w.org\/{rel}","templated":true}]}}