{"id":8285,"date":"2019-05-16T15:48:57","date_gmt":"2019-05-16T15:48:57","guid":{"rendered":"https:\/\/www.tekima.com\/news-und-informationen\/"},"modified":"2023-10-03T08:02:35","modified_gmt":"2023-10-03T07:02:35","slug":"news-und-informationen","status":"publish","type":"page","link":"https:\/\/www.tekima.com\/de\/news-und-informationen\/","title":{"rendered":"News"},"content":{"rendered":"\t\t<div data-elementor-type=\"wp-post\" data-elementor-id=\"8285\" class=\"elementor elementor-8285 elementor-30\" data-elementor-settings=\"[]\">\n\t\t\t\t\t\t<div class=\"elementor-inner\">\n\t\t\t\t\t\t\t<div class=\"elementor-section-wrap\">\n\t\t\t\t\t\t\t<section class=\"elementor-section elementor-top-section elementor-element elementor-element-xgklobj elementor-section-boxed elementor-section-height-default elementor-section-height-default default-style\" data-id=\"xgklobj\" data-element_type=\"section\" data-settings=\"{&quot;rt_color_sets&quot;:&quot;default-style&quot;}\">\n\t\t\t\t\t\t<div class=\"elementor-container elementor-column-gap-no\">\n\t\t\t\t\t\t\t<div class=\"elementor-row\">\n\t\t\t\t\t<div class=\"elementor-column elementor-col-100 elementor-top-column elementor-element elementor-element-kxhendd\" data-id=\"kxhendd\" data-element_type=\"column\">\n\t\t\t<div class=\"elementor-column-wrap elementor-element-populated\">\n\t\t\t\t\t\t\t<div class=\"elementor-widget-wrap\">\n\t\t\t\t\t\t<div class=\"elementor-element elementor-element-dqyoqda elementor-widget elementor-widget-rt-blog\" data-id=\"dqyoqda\" data-element_type=\"widget\" id=\"news-list\" data-widget_type=\"rt-blog.default\">\n\t\t\t\t<div class=\"elementor-widget-container\">\n\t\t\t\n<div id=\"blog-dynamicID-621174\" class=\"blog_list clearfix fixed_heights\" data-column-width=\"3\">\n<div class=\"row clearfix\">\n<article id=\"33764\" class=\"col col-sm-4 post-33764 post type-post status-publish format-standard has-post-thumbnail hentry category-neuigkeiten-home category-news-de\"><div class=\"post-content-wrapper\">\n \n\n<!-- blog box-->\n\t\t\t\t<figure class=\"featured_image featured_media\">\n\t\t\t<a href=\"https:\/\/www.tekima.com\/de\/event-maschinen-und-anlagen-fuer-nordamerika-ausgabe-2026\/\" title=\"Event \u201cMaschinen und Anlagen f\u00fcr Nordamerika &#8211; Ausgabe 2026\u201d\" class=\"imgeffect link featured_image\"><img loading=\"lazy\" decoding=\"async\" src=\"https:\/\/www.tekima.com\/wp-content\/uploads\/2025\/12\/Machinery-and-plants-for-North-America-2026.jpg\" alt=\"\" class=\"\" width=\"520\" height=\"340\" \/><\/a>\t\t\n\t\t<\/figure> \n\t\t\n\t<a href=\"https:\/\/www.tekima.com\/de\/event-maschinen-und-anlagen-fuer-nordamerika-ausgabe-2026\/\" title=\"Event \u201cMaschinen und Anlagen f\u00fcr Nordamerika &#8211; Ausgabe 2026\u201d\" class=\"post-date\">Dezember 11, 2025<\/a>\t\t\t\t\n\n\t<div class=\"entry-content text\">\n\n\t\t<!-- blog headline-->\n\t\t<h4 class=\"entry-title\"><a href=\"https:\/\/www.tekima.com\/de\/event-maschinen-und-anlagen-fuer-nordamerika-ausgabe-2026\/\" rel=\"bookmark\">Event \u201cMaschinen und Anlagen f\u00fcr Nordamerika &#8211; Ausgabe 2026\u201d<\/a><\/h4> \n\n\t\t\n\t\t<p>Mehr anzeigen.<\/p>\t<\/div> \n\n\t<div class=\"entry-footer\">\n\n\t\t<a href=\"https:\/\/www.tekima.com\/de\/event-maschinen-und-anlagen-fuer-nordamerika-ausgabe-2026\/\" class=\"read_more\">Erfahren Sie mehr<\/a>\n\t<\/div>\n\n<!-- \/ blog box-->\n<\/div><\/article>\n<article id=\"33376\" class=\"col col-sm-4 post-33376 post type-post status-publish format-standard has-post-thumbnail hentry category-neuigkeiten-home category-news-de\"><div class=\"post-content-wrapper\">\n \n\n<!-- blog box-->\n\t\t\t\t<figure class=\"featured_image featured_media\">\n\t\t\t<a href=\"https:\/\/www.tekima.com\/de\/adm-toronto-2025\/\" title=\"ADM Toronto? Wir sind da!\" class=\"imgeffect link featured_image\"><img loading=\"lazy\" decoding=\"async\" src=\"https:\/\/www.tekima.com\/wp-content\/uploads\/2025\/10\/ADM-Toronto_2025.png\" alt=\"\" class=\"\" width=\"517\" height=\"341\" \/><\/a>\t\t\n\t\t<\/figure> \n\t\t\n\t<a href=\"https:\/\/www.tekima.com\/de\/adm-toronto-2025\/\" title=\"ADM Toronto? Wir sind da!\" class=\"post-date\">Oktober 14, 2025<\/a>\t\t\t\t\n\n\t<div class=\"entry-content text\">\n\n\t\t<!-- blog headline-->\n\t\t<h4 class=\"entry-title\"><a href=\"https:\/\/www.tekima.com\/de\/adm-toronto-2025\/\" rel=\"bookmark\">ADM Toronto? Wir sind da!<\/a><\/h4> \n\n\t\t\n\t\t<p>Besuchen Sie uns.<\/p>\t<\/div> \n\n\t<div class=\"entry-footer\">\n\n\t\t<a href=\"https:\/\/www.tekima.com\/de\/adm-toronto-2025\/\" class=\"read_more\">Erfahren Sie mehr<\/a>\n\t<\/div>\n\n<!-- \/ blog box-->\n<\/div><\/article>\n<article id=\"33381\" class=\"col col-sm-4 post-33381 post type-post status-publish format-standard has-post-thumbnail hentry category-neuigkeiten-home category-news-de\"><div class=\"post-content-wrapper\">\n \n\n<!-- blog box-->\n\t\t\t\t<figure class=\"featured_image featured_media\">\n\t\t\t<a href=\"https:\/\/www.tekima.com\/de\/sps-atlanta-2025\/\" title=\"SPS Atlanta? Wir sind da!\" class=\"imgeffect link featured_image\"><img loading=\"lazy\" decoding=\"async\" src=\"https:\/\/www.tekima.com\/wp-content\/uploads\/2025\/09\/SPS_Atlanta_2025.png\" alt=\"\" class=\"\" width=\"517\" height=\"341\" \/><\/a>\t\t\n\t\t<\/figure> \n\t\t\n\t<a href=\"https:\/\/www.tekima.com\/de\/sps-atlanta-2025\/\" title=\"SPS Atlanta? Wir sind da!\" class=\"post-date\">September 9, 2025<\/a>\t\t\t\t\n\n\t<div class=\"entry-content text\">\n\n\t\t<!-- blog headline-->\n\t\t<h4 class=\"entry-title\"><a href=\"https:\/\/www.tekima.com\/de\/sps-atlanta-2025\/\" rel=\"bookmark\">SPS Atlanta? Wir sind da!<\/a><\/h4> \n\n\t\t\n\t\t<p>Besuchen Sie uns.<\/p>\t<\/div> \n\n\t<div class=\"entry-footer\">\n\n\t\t<a href=\"https:\/\/www.tekima.com\/de\/sps-atlanta-2025\/\" class=\"read_more\">Erfahren Sie mehr<\/a>\n\t<\/div>\n\n<!-- \/ blog box-->\n<\/div><\/article>\n<\/div>\n<div class=\"row clearfix\">\n<article id=\"33128\" class=\"col col-sm-4 post-33128 post type-post status-publish format-standard has-post-thumbnail hentry category-neuigkeiten-home category-news-de\"><div class=\"post-content-wrapper\">\n \n\n<!-- blog box-->\n\t\t\t\t<figure class=\"featured_image featured_media\">\n\t\t\t<a href=\"https:\/\/www.tekima.com\/de\/automate-show-wir-sind-da\/\" title=\"Automate Show? Wir sind da!\" class=\"imgeffect link featured_image\"><img loading=\"lazy\" decoding=\"async\" src=\"https:\/\/www.tekima.com\/wp-content\/uploads\/2025\/04\/Automate_2025_USA.png\" alt=\"\" class=\"\" width=\"517\" height=\"341\" \/><\/a>\t\t\n\t\t<\/figure> \n\t\t\n\t<a href=\"https:\/\/www.tekima.com\/de\/automate-show-wir-sind-da\/\" title=\"Automate Show? Wir sind da!\" class=\"post-date\">Mai 9, 2025<\/a>\t\t\t\t\n\n\t<div class=\"entry-content text\">\n\n\t\t<!-- blog headline-->\n\t\t<h4 class=\"entry-title\"><a href=\"https:\/\/www.tekima.com\/de\/automate-show-wir-sind-da\/\" rel=\"bookmark\">Automate Show? Wir sind da!<\/a><\/h4> \n\n\t\t\n\t\t<p>Besuchen Sie uns.<\/p>\t<\/div> \n\n\t<div class=\"entry-footer\">\n\n\t\t<a href=\"https:\/\/www.tekima.com\/de\/automate-show-wir-sind-da\/\" class=\"read_more\">Erfahren Sie mehr<\/a>\n\t<\/div>\n\n<!-- \/ blog box-->\n<\/div><\/article>\n<article id=\"32939\" class=\"col col-sm-4 post-32939 post type-post status-publish format-standard has-post-thumbnail hentry category-neue-produkte category-neuigkeiten-home category-news-de category-unkategorisiert\"><div class=\"post-content-wrapper\">\n \n\n<!-- blog box-->\n\t\t\t\t<figure class=\"featured_image featured_media\">\n\t\t\t<a href=\"https:\/\/www.tekima.com\/de\/anwesend\/\" title=\"Anwesend!\" class=\"imgeffect link featured_image\"><img loading=\"lazy\" decoding=\"async\" src=\"https:\/\/www.tekima.com\/wp-content\/uploads\/2025\/04\/OMC-2025_EN.png\" alt=\"\" class=\"\" width=\"517\" height=\"341\" \/><\/a>\t\t\n\t\t<\/figure> \n\t\t\n\t<a href=\"https:\/\/www.tekima.com\/de\/anwesend\/\" title=\"Anwesend!\" class=\"post-date\">April 1, 2025<\/a>\t\t\t\t\n\n\t<div class=\"entry-content text\">\n\n\t\t<!-- blog headline-->\n\t\t<h4 class=\"entry-title\"><a href=\"https:\/\/www.tekima.com\/de\/anwesend\/\" rel=\"bookmark\">Anwesend!<\/a><\/h4> \n\n\t\t\n\t\t<p>Besuchen Sie uns.<\/p>\t<\/div> \n\n\t<div class=\"entry-footer\">\n\n\t\t<a href=\"https:\/\/www.tekima.com\/de\/anwesend\/\" class=\"read_more\">Erfahren Sie mehr<\/a>\n\t<\/div>\n\n<!-- \/ blog box-->\n<\/div><\/article>\n<article id=\"33139\" class=\"col col-sm-4 post-33139 post type-post status-publish format-standard has-post-thumbnail hentry category-neue-produkte category-neue-produkte-home category-news-de\"><div class=\"post-content-wrapper\">\n \n\n<!-- blog box-->\n\t\t\t\t<figure class=\"featured_image featured_media\">\n\t\t\t<a href=\"https:\/\/www.tekima.com\/de\/mc-hl-und-teak-90-hl-kabel\/\" title=\"MC-HL UND TEAK 90-HL KABEL\" class=\"imgeffect link featured_image\"><img loading=\"lazy\" decoding=\"async\" src=\"https:\/\/www.tekima.com\/wp-content\/uploads\/2025\/05\/cavi-HL-armati-1.jpg\" alt=\"\" class=\"\" width=\"1000\" height=\"533\" \/><\/a>\t\t\n\t\t<\/figure> \n\t\t\n\t<a href=\"https:\/\/www.tekima.com\/de\/mc-hl-und-teak-90-hl-kabel\/\" title=\"MC-HL UND TEAK 90-HL KABEL\" class=\"post-date\">M\u00e4rz 27, 2025<\/a>\t\t\t\t\n\n\t<div class=\"entry-content text\">\n\n\t\t<!-- blog headline-->\n\t\t<h4 class=\"entry-title\"><a href=\"https:\/\/www.tekima.com\/de\/mc-hl-und-teak-90-hl-kabel\/\" rel=\"bookmark\">MC-HL UND TEAK 90-HL KABEL<\/a><\/h4> \n\n\t\t\n\t\t<p>Kabel f\u00fcr explosionsgef\u00e4hrdete Bereiche<\/p>\t<\/div> \n\n\t<div class=\"entry-footer\">\n\n\t\t<a href=\"https:\/\/www.tekima.com\/de\/mc-hl-und-teak-90-hl-kabel\/\" class=\"read_more\">Erfahren Sie mehr<\/a>\n\t<\/div>\n\n<!-- \/ blog box-->\n<\/div><\/article>\n<\/div>\n<\/div>\n<div class=\"paging_wrapper margin-t30 margin-b30\"><ul class='page-numbers'>\n\t<li><span aria-current=\"page\" class=\"page-numbers current\">1<\/span><\/li>\n\t<li><a class=\"page-numbers\" href=\"https:\/\/www.tekima.com\/de\/wp-json\/wp\/v2\/pages\/8285\/page\/2\/\">2<\/a><\/li>\n\t<li><a class=\"page-numbers\" href=\"https:\/\/www.tekima.com\/de\/wp-json\/wp\/v2\/pages\/8285\/page\/3\/\">3<\/a><\/li>\n\t<li><span class=\"page-numbers dots\">&hellip;<\/span><\/li>\n\t<li><a class=\"page-numbers\" href=\"https:\/\/www.tekima.com\/de\/wp-json\/wp\/v2\/pages\/8285\/page\/15\/\">15<\/a><\/li>\n\t<li><a class=\"next page-numbers\" href=\"https:\/\/www.tekima.com\/de\/wp-json\/wp\/v2\/pages\/8285\/page\/2\/\"><span class=\"ui-icon-angle-right\"><\/span><\/a><\/li>\n<\/ul>\n<\/div>\t\t<\/div>\n\t\t\t\t<\/div>\n\t\t\t\t\t\t<\/div>\n\t\t\t\t\t<\/div>\n\t\t<\/div>\n\t\t\t\t\t\t\t\t<\/div>\n\t\t\t\t\t<\/div>\n\t\t<\/section>\n\t\t\t\t\t\t<\/div>\n\t\t\t\t\t\t<\/div>\n\t\t\t\t\t<\/div>\n\t\t","protected":false},"excerpt":{"rendered":"<p>Settembre 19, 2023 Cavi in silicone per alte temperature Per applicazioni fino a 180\u00b0C Scopri di pi\u00f9 Giugno 21, 2023 Nuovo Tubings Selector Disponibile ora. Scopri di pi\u00f9 Maggio 24, 2023 Tubings Store Scopri l&#8217;applicazione. Scopri di pi\u00f9 Aprile 27, 2023 Ci vediamo nel 2024! Macchine ed Impianti per il Nord America. Scopri di pi\u00f9 [&hellip;]<\/p>\n","protected":false},"author":1,"featured_media":0,"parent":0,"menu_order":0,"comment_status":"closed","ping_status":"closed","template":"elementor_header_footer","meta":{"kia_subtitle":"","footnotes":""},"class_list":["post-8285","page","type-page","status-publish","hentry"],"yoast_head":"<!-- This site is optimized with the Yoast SEO plugin v21.7 - https:\/\/yoast.com\/wordpress\/plugins\/seo\/ -->\n<title>News und Informationen | Tekima<\/title>\n<meta name=\"robots\" content=\"index, follow, max-snippet:-1, max-image-preview:large, max-video-preview:-1\" \/>\n<link rel=\"canonical\" href=\"https:\/\/www.tekima.com\/de\/news-und-informationen\/\" \/>\n<meta property=\"og:locale\" content=\"de_DE\" \/>\n<meta property=\"og:type\" content=\"article\" \/>\n<meta property=\"og:title\" content=\"News und Informationen | Tekima\" \/>\n<meta property=\"og:description\" content=\"Settembre 19, 2023 Cavi in silicone per alte temperature Per applicazioni fino a 180\u00b0C Scopri di pi\u00f9 Giugno 21, 2023 Nuovo Tubings Selector Disponibile ora. Scopri di pi\u00f9 Maggio 24, 2023 Tubings Store Scopri l&#8217;applicazione. Scopri di pi\u00f9 Aprile 27, 2023 Ci vediamo nel 2024! Macchine ed Impianti per il Nord America. Scopri di pi\u00f9 [&hellip;]\" \/>\n<meta property=\"og:url\" content=\"https:\/\/www.tekima.com\/de\/news-und-informationen\/\" \/>\n<meta property=\"og:site_name\" content=\"Tekima\" \/>\n<meta property=\"article:publisher\" content=\"https:\/\/www.facebook.com\/tekima.it\" \/>\n<meta property=\"article:modified_time\" content=\"2023-10-03T07:02:35+00:00\" \/>\n<meta property=\"og:image\" content=\"https:\/\/www.tekima.com\/wp-content\/uploads\/2023\/09\/NewsSito_Serie380.jpg\" \/>\n<meta name=\"twitter:card\" content=\"summary_large_image\" \/>\n<meta name=\"twitter:label1\" content=\"Gesch\u00e4tzte Lesezeit\" \/>\n\t<meta name=\"twitter:data1\" content=\"2\u00a0Minuten\" \/>\n<script type=\"application\/ld+json\" class=\"yoast-schema-graph\">{\"@context\":\"https:\/\/schema.org\",\"@graph\":[{\"@type\":\"WebPage\",\"@id\":\"https:\/\/www.tekima.com\/de\/news-und-informationen\/\",\"url\":\"https:\/\/www.tekima.com\/de\/news-und-informationen\/\",\"name\":\"News und Informationen | Tekima\",\"isPartOf\":{\"@id\":\"https:\/\/www.tekima.com\/#website\"},\"datePublished\":\"2019-05-16T15:48:57+00:00\",\"dateModified\":\"2023-10-03T07:02:35+00:00\",\"breadcrumb\":{\"@id\":\"https:\/\/www.tekima.com\/de\/news-und-informationen\/#breadcrumb\"},\"inLanguage\":\"de\",\"potentialAction\":[{\"@type\":\"ReadAction\",\"target\":[\"https:\/\/www.tekima.com\/de\/news-und-informationen\/\"]}]},{\"@type\":\"BreadcrumbList\",\"@id\":\"https:\/\/www.tekima.com\/de\/news-und-informationen\/#breadcrumb\",\"itemListElement\":[{\"@type\":\"ListItem\",\"position\":1,\"name\":\"Home\",\"item\":\"https:\/\/www.tekima.com\/\"},{\"@type\":\"ListItem\",\"position\":2,\"name\":\"News\"}]},{\"@type\":\"WebSite\",\"@id\":\"https:\/\/www.tekima.com\/#website\",\"url\":\"https:\/\/www.tekima.com\/\",\"name\":\"Tekima\",\"description\":\"\",\"publisher\":{\"@id\":\"https:\/\/www.tekima.com\/#organization\"},\"potentialAction\":[{\"@type\":\"SearchAction\",\"target\":{\"@type\":\"EntryPoint\",\"urlTemplate\":\"https:\/\/www.tekima.com\/?s={search_term_string}\"},\"query-input\":\"required name=search_term_string\"}],\"inLanguage\":\"de\"},{\"@type\":\"Organization\",\"@id\":\"https:\/\/www.tekima.com\/#organization\",\"name\":\"Tekima\",\"url\":\"https:\/\/www.tekima.com\/\",\"logo\":{\"@type\":\"ImageObject\",\"inLanguage\":\"de\",\"@id\":\"https:\/\/www.tekima.com\/#\/schema\/logo\/image\/\",\"url\":\"https:\/\/www.tekima.com\/wp-content\/uploads\/2019\/05\/logo400.png\",\"contentUrl\":\"https:\/\/www.tekima.com\/wp-content\/uploads\/2019\/05\/logo400.png\",\"width\":450,\"height\":94,\"caption\":\"Tekima\"},\"image\":{\"@id\":\"https:\/\/www.tekima.com\/#\/schema\/logo\/image\/\"},\"sameAs\":[\"https:\/\/www.facebook.com\/tekima.it\",\"https:\/\/www.linkedin.com\/company\/tekima\/\",\"https:\/\/www.youtube.com\/channel\/UC_coJiEqsdOHUGSsrNKRBZQ\"]}]}<\/script>\n<!-- \/ Yoast SEO plugin. -->","yoast_head_json":{"title":"News und Informationen | Tekima","robots":{"index":"index","follow":"follow","max-snippet":"max-snippet:-1","max-image-preview":"max-image-preview:large","max-video-preview":"max-video-preview:-1"},"canonical":"https:\/\/www.tekima.com\/de\/news-und-informationen\/","og_locale":"de_DE","og_type":"article","og_title":"News und Informationen | Tekima","og_description":"Settembre 19, 2023 Cavi in silicone per alte temperature Per applicazioni fino a 180\u00b0C Scopri di pi\u00f9 Giugno 21, 2023 Nuovo Tubings Selector Disponibile ora. Scopri di pi\u00f9 Maggio 24, 2023 Tubings Store Scopri l&#8217;applicazione. Scopri di pi\u00f9 Aprile 27, 2023 Ci vediamo nel 2024! Macchine ed Impianti per il Nord America. Scopri di pi\u00f9 [&hellip;]","og_url":"https:\/\/www.tekima.com\/de\/news-und-informationen\/","og_site_name":"Tekima","article_publisher":"https:\/\/www.facebook.com\/tekima.it","article_modified_time":"2023-10-03T07:02:35+00:00","og_image":[{"url":"https:\/\/www.tekima.com\/wp-content\/uploads\/2023\/09\/NewsSito_Serie380.jpg"}],"twitter_card":"summary_large_image","twitter_misc":{"Gesch\u00e4tzte Lesezeit":"2\u00a0Minuten"},"schema":{"@context":"https:\/\/schema.org","@graph":[{"@type":"WebPage","@id":"https:\/\/www.tekima.com\/de\/news-und-informationen\/","url":"https:\/\/www.tekima.com\/de\/news-und-informationen\/","name":"News und Informationen | Tekima","isPartOf":{"@id":"https:\/\/www.tekima.com\/#website"},"datePublished":"2019-05-16T15:48:57+00:00","dateModified":"2023-10-03T07:02:35+00:00","breadcrumb":{"@id":"https:\/\/www.tekima.com\/de\/news-und-informationen\/#breadcrumb"},"inLanguage":"de","potentialAction":[{"@type":"ReadAction","target":["https:\/\/www.tekima.com\/de\/news-und-informationen\/"]}]},{"@type":"BreadcrumbList","@id":"https:\/\/www.tekima.com\/de\/news-und-informationen\/#breadcrumb","itemListElement":[{"@type":"ListItem","position":1,"name":"Home","item":"https:\/\/www.tekima.com\/"},{"@type":"ListItem","position":2,"name":"News"}]},{"@type":"WebSite","@id":"https:\/\/www.tekima.com\/#website","url":"https:\/\/www.tekima.com\/","name":"Tekima","description":"","publisher":{"@id":"https:\/\/www.tekima.com\/#organization"},"potentialAction":[{"@type":"SearchAction","target":{"@type":"EntryPoint","urlTemplate":"https:\/\/www.tekima.com\/?s={search_term_string}"},"query-input":"required name=search_term_string"}],"inLanguage":"de"},{"@type":"Organization","@id":"https:\/\/www.tekima.com\/#organization","name":"Tekima","url":"https:\/\/www.tekima.com\/","logo":{"@type":"ImageObject","inLanguage":"de","@id":"https:\/\/www.tekima.com\/#\/schema\/logo\/image\/","url":"https:\/\/www.tekima.com\/wp-content\/uploads\/2019\/05\/logo400.png","contentUrl":"https:\/\/www.tekima.com\/wp-content\/uploads\/2019\/05\/logo400.png","width":450,"height":94,"caption":"Tekima"},"image":{"@id":"https:\/\/www.tekima.com\/#\/schema\/logo\/image\/"},"sameAs":["https:\/\/www.facebook.com\/tekima.it","https:\/\/www.linkedin.com\/company\/tekima\/","https:\/\/www.youtube.com\/channel\/UC_coJiEqsdOHUGSsrNKRBZQ"]}]}},"_links":{"self":[{"href":"https:\/\/www.tekima.com\/de\/wp-json\/wp\/v2\/pages\/8285"}],"collection":[{"href":"https:\/\/www.tekima.com\/de\/wp-json\/wp\/v2\/pages"}],"about":[{"href":"https:\/\/www.tekima.com\/de\/wp-json\/wp\/v2\/types\/page"}],"author":[{"embeddable":true,"href":"https:\/\/www.tekima.com\/de\/wp-json\/wp\/v2\/users\/1"}],"replies":[{"embeddable":true,"href":"https:\/\/www.tekima.com\/de\/wp-json\/wp\/v2\/comments?post=8285"}],"version-history":[{"count":15,"href":"https:\/\/www.tekima.com\/de\/wp-json\/wp\/v2\/pages\/8285\/revisions"}],"predecessor-version":[{"id":26289,"href":"https:\/\/www.tekima.com\/de\/wp-json\/wp\/v2\/pages\/8285\/revisions\/26289"}],"wp:attachment":[{"href":"https:\/\/www.tekima.com\/de\/wp-json\/wp\/v2\/media?parent=8285"}],"curies":[{"name":"wp","href":"https:\/\/api.w.org\/{rel}","templated":true}]}}